{"id":3341,"date":"2021-04-01T13:34:11","date_gmt":"2021-04-01T13:34:11","guid":{"rendered":"https:\/\/tzar.be\/design\/"},"modified":"2021-04-08T20:20:35","modified_gmt":"2021-04-08T20:20:35","slug":"design","status":"publish","type":"page","link":"https:\/\/tzar.be\/nl\/design\/","title":{"rendered":"Design"},"content":{"rendered":"\t\t<div data-elementor-type=\"wp-post\" data-elementor-id=\"3341\" class=\"elementor elementor-3341 elementor-732\">\n\t\t\t\t\t\t<section class=\"has_eae_slider elementor-section elementor-top-section elementor-element elementor-element-8becf72 elementor-section-boxed elementor-section-height-default elementor-section-height-default\" data-eae-slider=\"19865\" data-id=\"8becf72\" data-element_type=\"section\">\n\t\t\t\t\t\t<div class=\"elementor-container elementor-column-gap-default\">\n\t\t\t\t\t<div class=\"has_eae_slider elementor-column elementor-col-100 elementor-top-column elementor-element elementor-element-85912c7\" data-eae-slider=\"42098\" data-id=\"85912c7\" data-element_type=\"column\">\n\t\t\t<div class=\"elementor-widget-wrap elementor-element-populated\">\n\t\t\t\t\t\t<div class=\"elementor-element elementor-element-f0c118f elementor-widget elementor-widget-heading\" data-id=\"f0c118f\" data-element_type=\"widget\" data-widget_type=\"heading.default\">\n\t\t\t\t<div class=\"elementor-widget-container\">\n\t\t\t<h2 class=\"elementor-heading-title elementor-size-default\">Branding is niet alleen een visueel ontwerp.<\/h2>\t\t<\/div>\n\t\t\t\t<\/div>\n\t\t\t\t<div class=\"elementor-element elementor-element-8bdb32b elementor-widget elementor-widget-text-editor\" data-id=\"8bdb32b\" data-element_type=\"widget\" data-widget_type=\"text-editor.default\">\n\t\t\t\t<div class=\"elementor-widget-container\">\n\t\t\t\t\t\t\t<p>De kracht van een goed merk is <b>communiceren zonder woorden.<\/b> Het logo en de visuele stijl van jouw merk moet bij jouw klanten blijven hangyen. Van logo tot factuur, van brand activation tot web design, jouw merk moet duidelijk zijn met \u00e9\u00e9n consistente look. TZAR onderzoekt jouw merk en samen cre\u00ebren we een identiteit die jouw merk een <b>eigen karakter geeft.<\/b> Een naam, logo en huisstijl zouden de kernwaarden van jouw bedrijf moeten uitstralen.&nbsp;<\/p>\n<p>Het denkwerk bij een goed merk is onzichtbaar maar er kunnen weken van werk inzitten om de kernwaarden en feeling van een bedrijf daarin over te brengen. <b>Branding of rebranding van jouw merk is de belangrijkste communicatietool die een onderneming kan hebben.<\/b> Hier goed mee omgaan zorgt ervoor dat jouw bedrijf klaar is om te groeien en om de vooropgezette doelen te behalen. Een nieuw merk cre\u00ebren of een bestaand merk aanpassen komt ook steeds samen met een stukje changemangement. We begeleiden u in alle verschillende stappen van dit proces. Het brainstormen en bedenken, de mogelijke aanpassingen en verbetering tot het uitrollen van het nieuwe merkbeeld bij personeel, klanten en leveranciers. Brand design voor TZAR is een heel proces waarbij wij de nodige ervaring kunnen aanleveren om uw <b>communicatietools aan te scherpen.<\/b><\/p><\/p>\n\t\t\t\t\t\t<\/div>\n\t\t\t\t<\/div>\n\t\t\t\t\t<\/div>\n\t\t<\/div>\n\t\t\t\t\t<\/div>\n\t\t<\/section>\n\t\t\t\t<section class=\"has_eae_slider elementor-section elementor-top-section elementor-element elementor-element-7a09fba elementor-section-boxed elementor-section-height-default elementor-section-height-default\" data-eae-slider=\"62419\" data-id=\"7a09fba\" data-element_type=\"section\">\n\t\t\t\t\t\t<div class=\"elementor-container elementor-column-gap-default\">\n\t\t\t\t\t<div class=\"has_eae_slider elementor-column elementor-col-33 elementor-top-column elementor-element elementor-element-dbeee42\" data-eae-slider=\"33880\" data-id=\"dbeee42\" data-element_type=\"column\">\n\t\t\t<div class=\"elementor-widget-wrap elementor-element-populated\">\n\t\t\t\t\t\t<div class=\"elementor-element elementor-element-44a8e73 elementor-widget elementor-widget-image\" data-id=\"44a8e73\" data-element_type=\"widget\" data-widget_type=\"image.default\">\n\t\t\t\t<div class=\"elementor-widget-container\">\n\t\t\t\t\t\t\t\t\t\t\t\t\t\t<a href=\"https:\/\/tzar.be\/nl\/onze-merkstrategie\/\">\n\t\t\t\t\t\t\t<img fetchpriority=\"high\" decoding=\"async\" width=\"1024\" height=\"640\" src=\"https:\/\/tzar.be\/wp-content\/uploads\/2020\/11\/1-Brand-Strategy-Cover-1024x640.jpg\" class=\"attachment-large size-large wp-image-2219\" alt=\"Brand Strategy | Tzar Agency\" srcset=\"https:\/\/tzar.be\/wp-content\/uploads\/2020\/11\/1-Brand-Strategy-Cover-1024x640.jpg 1024w, https:\/\/tzar.be\/wp-content\/uploads\/2020\/11\/1-Brand-Strategy-Cover-300x188.jpg 300w, https:\/\/tzar.be\/wp-content\/uploads\/2020\/11\/1-Brand-Strategy-Cover-768x480.jpg 768w, https:\/\/tzar.be\/wp-content\/uploads\/2020\/11\/1-Brand-Strategy-Cover-800x500.jpg 800w, https:\/\/tzar.be\/wp-content\/uploads\/2020\/11\/1-Brand-Strategy-Cover.jpg 1280w\" sizes=\"(max-width: 1024px) 100vw, 1024px\" \/>\t\t\t\t\t\t\t\t<\/a>\n\t\t\t\t\t\t\t\t\t\t\t\t\t<\/div>\n\t\t\t\t<\/div>\n\t\t\t\t<div class=\"elementor-element elementor-element-e7189f9 elementor-widget elementor-widget-heading\" data-id=\"e7189f9\" data-element_type=\"widget\" data-widget_type=\"heading.default\">\n\t\t\t\t<div class=\"elementor-widget-container\">\n\t\t\t<h2 class=\"elementor-heading-title elementor-size-default\"><a href=\"https:\/\/tzar.be\/nl\/onze-merkstrategie\/\">Onze Merkstrategie<\/a><\/h2>\t\t<\/div>\n\t\t\t\t<\/div>\n\t\t\t\t\t<\/div>\n\t\t<\/div>\n\t\t\t\t<div class=\"has_eae_slider elementor-column elementor-col-33 elementor-top-column elementor-element elementor-element-92289d9\" data-eae-slider=\"25415\" data-id=\"92289d9\" data-element_type=\"column\">\n\t\t\t<div class=\"elementor-widget-wrap elementor-element-populated\">\n\t\t\t\t\t\t<div class=\"elementor-element elementor-element-73f9dfa elementor-widget elementor-widget-image\" data-id=\"73f9dfa\" data-element_type=\"widget\" data-widget_type=\"image.default\">\n\t\t\t\t<div class=\"elementor-widget-container\">\n\t\t\t\t\t\t\t\t\t\t\t\t\t\t<a href=\"https:\/\/tzar.be\/nl\/portfolio\/graphic-design\/\">\n\t\t\t\t\t\t\t<img decoding=\"async\" width=\"1024\" height=\"640\" src=\"https:\/\/tzar.be\/wp-content\/uploads\/2020\/11\/2-Brand-Design-Cover-1-1024x640.jpg\" class=\"attachment-large size-large wp-image-3342\" alt=\"Brand design | Tzar Agency\" srcset=\"https:\/\/tzar.be\/wp-content\/uploads\/2020\/11\/2-Brand-Design-Cover-1-1024x640.jpg 1024w, https:\/\/tzar.be\/wp-content\/uploads\/2020\/11\/2-Brand-Design-Cover-1-300x188.jpg 300w, https:\/\/tzar.be\/wp-content\/uploads\/2020\/11\/2-Brand-Design-Cover-1-768x480.jpg 768w, https:\/\/tzar.be\/wp-content\/uploads\/2020\/11\/2-Brand-Design-Cover-1.jpg 1280w\" sizes=\"(max-width: 1024px) 100vw, 1024px\" \/>\t\t\t\t\t\t\t\t<\/a>\n\t\t\t\t\t\t\t\t\t\t\t\t\t<\/div>\n\t\t\t\t<\/div>\n\t\t\t\t<div class=\"elementor-element elementor-element-73c4924 elementor-widget elementor-widget-heading\" data-id=\"73c4924\" data-element_type=\"widget\" data-widget_type=\"heading.default\">\n\t\t\t\t<div class=\"elementor-widget-container\">\n\t\t\t<h2 class=\"elementor-heading-title elementor-size-default\"><a href=\"https:\/\/tzar.be\/nl\/portfolio\/graphic-design\/\">Brand Design<\/a><\/h2>\t\t<\/div>\n\t\t\t\t<\/div>\n\t\t\t\t\t<\/div>\n\t\t<\/div>\n\t\t\t\t<div class=\"has_eae_slider elementor-column elementor-col-33 elementor-top-column elementor-element elementor-element-c9ef4c6\" data-eae-slider=\"77242\" data-id=\"c9ef4c6\" data-element_type=\"column\">\n\t\t\t<div class=\"elementor-widget-wrap elementor-element-populated\">\n\t\t\t\t\t\t<div class=\"elementor-element elementor-element-5c4ffae elementor-widget elementor-widget-image\" data-id=\"5c4ffae\" data-element_type=\"widget\" data-widget_type=\"image.default\">\n\t\t\t\t<div class=\"elementor-widget-container\">\n\t\t\t\t\t\t\t\t\t\t\t\t\t\t<a href=\"https:\/\/tzar.be\/nl\/portfolio\/graphic-design\/\">\n\t\t\t\t\t\t\t<img decoding=\"async\" width=\"1024\" height=\"640\" src=\"https:\/\/tzar.be\/wp-content\/uploads\/2020\/11\/3-Graphic-Design-Cover-1024x640.jpg\" class=\"attachment-large size-large wp-image-3343\" alt=\"Graphic Design | Tzar Agency\" srcset=\"https:\/\/tzar.be\/wp-content\/uploads\/2020\/11\/3-Graphic-Design-Cover-1024x640.jpg 1024w, https:\/\/tzar.be\/wp-content\/uploads\/2020\/11\/3-Graphic-Design-Cover-300x188.jpg 300w, https:\/\/tzar.be\/wp-content\/uploads\/2020\/11\/3-Graphic-Design-Cover-768x480.jpg 768w, https:\/\/tzar.be\/wp-content\/uploads\/2020\/11\/3-Graphic-Design-Cover.jpg 1280w\" sizes=\"(max-width: 1024px) 100vw, 1024px\" \/>\t\t\t\t\t\t\t\t<\/a>\n\t\t\t\t\t\t\t\t\t\t\t\t\t<\/div>\n\t\t\t\t<\/div>\n\t\t\t\t<div class=\"elementor-element elementor-element-9cabc50 elementor-widget elementor-widget-heading\" data-id=\"9cabc50\" data-element_type=\"widget\" data-widget_type=\"heading.default\">\n\t\t\t\t<div class=\"elementor-widget-container\">\n\t\t\t<h2 class=\"elementor-heading-title elementor-size-default\"><a href=\"https:\/\/tzar.be\/nl\/portfolio\/graphic-design\/\">Graphische Vormgeving<\/a><\/h2>\t\t<\/div>\n\t\t\t\t<\/div>\n\t\t\t\t\t<\/div>\n\t\t<\/div>\n\t\t\t\t\t<\/div>\n\t\t<\/section>\n\t\t\t\t<section class=\"has_eae_slider elementor-section elementor-top-section elementor-element elementor-element-9354b4c elementor-section-boxed elementor-section-height-default elementor-section-height-default\" data-eae-slider=\"66240\" data-id=\"9354b4c\" data-element_type=\"section\">\n\t\t\t\t\t\t<div class=\"elementor-container elementor-column-gap-default\">\n\t\t\t\t\t<div class=\"has_eae_slider elementor-column elementor-col-33 elementor-top-column elementor-element elementor-element-b392b9c\" data-eae-slider=\"83425\" data-id=\"b392b9c\" data-element_type=\"column\">\n\t\t\t<div class=\"elementor-widget-wrap elementor-element-populated\">\n\t\t\t\t\t\t<div class=\"elementor-element elementor-element-75f0d0f elementor-widget elementor-widget-image\" data-id=\"75f0d0f\" data-element_type=\"widget\" data-widget_type=\"image.default\">\n\t\t\t\t<div class=\"elementor-widget-container\">\n\t\t\t\t\t\t\t\t\t\t\t\t\t\t<a href=\"https:\/\/tzar.be\/nl\/portfolio\/digital-design\/\">\n\t\t\t\t\t\t\t<img loading=\"lazy\" decoding=\"async\" width=\"1024\" height=\"640\" src=\"https:\/\/tzar.be\/wp-content\/uploads\/2020\/11\/TZAR-website-DESIGN-pict-4-1024x640.jpg\" class=\"attachment-large size-large wp-image-3344\" alt=\"Digital | Tzar Agency\" srcset=\"https:\/\/tzar.be\/wp-content\/uploads\/2020\/11\/TZAR-website-DESIGN-pict-4-1024x640.jpg 1024w, https:\/\/tzar.be\/wp-content\/uploads\/2020\/11\/TZAR-website-DESIGN-pict-4-300x188.jpg 300w, https:\/\/tzar.be\/wp-content\/uploads\/2020\/11\/TZAR-website-DESIGN-pict-4-768x480.jpg 768w, https:\/\/tzar.be\/wp-content\/uploads\/2020\/11\/TZAR-website-DESIGN-pict-4.jpg 1280w\" sizes=\"(max-width: 1024px) 100vw, 1024px\" \/>\t\t\t\t\t\t\t\t<\/a>\n\t\t\t\t\t\t\t\t\t\t\t\t\t<\/div>\n\t\t\t\t<\/div>\n\t\t\t\t<div class=\"elementor-element elementor-element-2d0f941 elementor-widget elementor-widget-heading\" data-id=\"2d0f941\" data-element_type=\"widget\" data-widget_type=\"heading.default\">\n\t\t\t\t<div class=\"elementor-widget-container\">\n\t\t\t<h2 class=\"elementor-heading-title elementor-size-default\"><a href=\"https:\/\/tzar.be\/nl\/portfolio\/digital-design\/\">Digital Design<\/a><\/h2>\t\t<\/div>\n\t\t\t\t<\/div>\n\t\t\t\t\t<\/div>\n\t\t<\/div>\n\t\t\t\t<div class=\"has_eae_slider elementor-column elementor-col-33 elementor-top-column elementor-element elementor-element-4a20d69\" data-eae-slider=\"14161\" data-id=\"4a20d69\" data-element_type=\"column\">\n\t\t\t<div class=\"elementor-widget-wrap elementor-element-populated\">\n\t\t\t\t\t\t<div class=\"elementor-element elementor-element-d88ce9c elementor-widget elementor-widget-image\" data-id=\"d88ce9c\" data-element_type=\"widget\" data-widget_type=\"image.default\">\n\t\t\t\t<div class=\"elementor-widget-container\">\n\t\t\t\t\t\t\t\t\t\t\t\t\t\t<a href=\"https:\/\/tzar.be\/nl\/portfolio\/brand-activation\/\">\n\t\t\t\t\t\t\t<img loading=\"lazy\" decoding=\"async\" width=\"1024\" height=\"640\" src=\"https:\/\/tzar.be\/wp-content\/uploads\/2020\/11\/5-Brand-Activation-1024x640.jpg\" class=\"attachment-large size-large wp-image-3345\" alt=\"Brand Activation | Tzar Agency\" srcset=\"https:\/\/tzar.be\/wp-content\/uploads\/2020\/11\/5-Brand-Activation-1024x640.jpg 1024w, https:\/\/tzar.be\/wp-content\/uploads\/2020\/11\/5-Brand-Activation-300x188.jpg 300w, https:\/\/tzar.be\/wp-content\/uploads\/2020\/11\/5-Brand-Activation-768x480.jpg 768w, https:\/\/tzar.be\/wp-content\/uploads\/2020\/11\/5-Brand-Activation.jpg 1280w\" sizes=\"(max-width: 1024px) 100vw, 1024px\" \/>\t\t\t\t\t\t\t\t<\/a>\n\t\t\t\t\t\t\t\t\t\t\t\t\t<\/div>\n\t\t\t\t<\/div>\n\t\t\t\t<div class=\"elementor-element elementor-element-0d07be6 elementor-widget elementor-widget-heading\" data-id=\"0d07be6\" data-element_type=\"widget\" data-widget_type=\"heading.default\">\n\t\t\t\t<div class=\"elementor-widget-container\">\n\t\t\t<h2 class=\"elementor-heading-title elementor-size-default\"><a href=\"https:\/\/tzar.be\/nl\/portfolio\/brand-activation\/\">Brand Activation<\/a><\/h2>\t\t<\/div>\n\t\t\t\t<\/div>\n\t\t\t\t\t<\/div>\n\t\t<\/div>\n\t\t\t\t<div class=\"has_eae_slider elementor-column elementor-col-33 elementor-top-column elementor-element elementor-element-b028d44\" data-eae-slider=\"50894\" data-id=\"b028d44\" data-element_type=\"column\">\n\t\t\t<div class=\"elementor-widget-wrap elementor-element-populated\">\n\t\t\t\t\t\t<div class=\"elementor-element elementor-element-75d67c3 elementor-widget elementor-widget-image\" data-id=\"75d67c3\" data-element_type=\"widget\" data-widget_type=\"image.default\">\n\t\t\t\t<div class=\"elementor-widget-container\">\n\t\t\t\t\t\t\t\t\t\t\t\t\t\t<a href=\"https:\/\/tzar.be\/nl\/portfolio\/brand-activation\/\">\n\t\t\t\t\t\t\t<img loading=\"lazy\" decoding=\"async\" width=\"1024\" height=\"640\" src=\"https:\/\/tzar.be\/wp-content\/uploads\/2020\/11\/6-Concept-Identity-Cover-1024x640.jpg\" class=\"attachment-large size-large wp-image-3346\" alt=\"Merkidentiteit concept | Tzar\" srcset=\"https:\/\/tzar.be\/wp-content\/uploads\/2020\/11\/6-Concept-Identity-Cover-1024x640.jpg 1024w, https:\/\/tzar.be\/wp-content\/uploads\/2020\/11\/6-Concept-Identity-Cover-300x188.jpg 300w, https:\/\/tzar.be\/wp-content\/uploads\/2020\/11\/6-Concept-Identity-Cover-768x480.jpg 768w, https:\/\/tzar.be\/wp-content\/uploads\/2020\/11\/6-Concept-Identity-Cover.jpg 1280w\" sizes=\"(max-width: 1024px) 100vw, 1024px\" \/>\t\t\t\t\t\t\t\t<\/a>\n\t\t\t\t\t\t\t\t\t\t\t\t\t<\/div>\n\t\t\t\t<\/div>\n\t\t\t\t<div class=\"elementor-element elementor-element-cf7d530 elementor-widget elementor-widget-heading\" data-id=\"cf7d530\" data-element_type=\"widget\" data-widget_type=\"heading.default\">\n\t\t\t\t<div class=\"elementor-widget-container\">\n\t\t\t<h2 class=\"elementor-heading-title elementor-size-default\"><a href=\"https:\/\/tzar.be\/nl\/portfolio\/concept-identity\/\">Concept Mood<\/a><\/h2>\t\t<\/div>\n\t\t\t\t<\/div>\n\t\t\t\t\t<\/div>\n\t\t<\/div>\n\t\t\t\t\t<\/div>\n\t\t<\/section>\n\t\t\t\t<section class=\"has_eae_slider elementor-section elementor-top-section elementor-element elementor-element-7f20b61a elementor-section-content-middle elementor-section-stretched elementor-section-full_width elementor-section-height-min-height elementor-section-height-default elementor-section-items-middle\" data-eae-slider=\"97755\" data-id=\"7f20b61a\" data-element_type=\"section\" data-settings=\"{&quot;background_background&quot;:&quot;classic&quot;,&quot;stretch_section&quot;:&quot;section-stretched&quot;}\">\n\t\t\t\t\t\t<div class=\"elementor-container elementor-column-gap-narrow\">\n\t\t\t\t\t<div class=\"has_eae_slider elementor-column elementor-col-100 elementor-top-column elementor-element elementor-element-3596ba3f\" data-eae-slider=\"24162\" data-id=\"3596ba3f\" data-element_type=\"column\">\n\t\t\t<div class=\"elementor-widget-wrap elementor-element-populated\">\n\t\t\t\t\t\t<div class=\"elementor-element elementor-element-6bd7847b elementor-widget elementor-widget-heading\" data-id=\"6bd7847b\" data-element_type=\"widget\" data-widget_type=\"heading.default\">\n\t\t\t\t<div class=\"elementor-widget-container\">\n\t\t\t<h4 class=\"elementor-heading-title elementor-size-default\">Samen laten we uw bedrijf groeien.<br> Laat uw communicatie niet wachten<\/h4>\t\t<\/div>\n\t\t\t\t<\/div>\n\t\t\t\t<div class=\"elementor-element elementor-element-77642495 elementor-align-center elementor-widget elementor-widget-button\" data-id=\"77642495\" data-element_type=\"widget\" data-widget_type=\"button.default\">\n\t\t\t\t<div class=\"elementor-widget-container\">\n\t\t\t\t\t<div class=\"elementor-button-wrapper\">\n\t\t\t<a class=\"elementor-button elementor-button-link elementor-size-sm elementor-animation-grow\" href=\"http:\/\/tzar.be\/contact\/\">\n\t\t\t\t\t\t<span class=\"elementor-button-content-wrapper\">\n\t\t\t\t\t\t\t\t\t<span class=\"elementor-button-text\">Contact<\/span>\n\t\t\t\t\t<\/span>\n\t\t\t\t\t<\/a>\n\t\t<\/div>\n\t\t\t\t<\/div>\n\t\t\t\t<\/div>\n\t\t\t\t\t<\/div>\n\t\t<\/div>\n\t\t\t\t\t<\/div>\n\t\t<\/section>\n\t\t\t\t<section class=\"has_eae_slider elementor-section elementor-top-section elementor-element elementor-element-78381cb elementor-section-boxed elementor-section-height-default elementor-section-height-default\" data-eae-slider=\"50007\" data-id=\"78381cb\" data-element_type=\"section\">\n\t\t\t\t\t\t<div class=\"elementor-container elementor-column-gap-default\">\n\t\t\t\t\t<div class=\"has_eae_slider elementor-column elementor-col-100 elementor-top-column elementor-element elementor-element-40c5ee0\" data-eae-slider=\"11854\" data-id=\"40c5ee0\" data-element_type=\"column\">\n\t\t\t<div class=\"elementor-widget-wrap\">\n\t\t\t\t\t\t\t<\/div>\n\t\t<\/div>\n\t\t\t\t\t<\/div>\n\t\t<\/section>\n\t\t\t\t<\/div>\n\t\t","protected":false},"excerpt":{"rendered":"<p>Branding is niet alleen een visueel ontwerp. De kracht van een goed merk is communiceren zonder woorden. Het logo en de visuele stijl van jouw merk moet bij jouw klanten blijven hangyen. Van logo tot factuur, van brand activation tot web design, jouw merk moet duidelijk zijn met \u00e9\u00e9n consistente look. TZAR onderzoekt jouw merk [&hellip;]<\/p>\n","protected":false},"author":1,"featured_media":0,"parent":0,"menu_order":0,"comment_status":"closed","ping_status":"closed","template":"page-template\/template-fullwidth.php","meta":[],"yoast_head":"<!-- This site is optimized with the Yoast SEO plugin v21.8.1 - https:\/\/yoast.com\/wordpress\/plugins\/seo\/ -->\n<title>Ontwerp uw merk met ons  | Communicatiebureau<\/title>\n<meta name=\"description\" content=\"Bouw samen met ons uw ontwerp. Merkontwerp, grafisch ontwerp, digitaal ontwerp, conceptstemming ... Design, het is alles wat de klant voelt over uw bedrijf.\" \/>\n<meta name=\"robots\" content=\"index, follow, max-snippet:-1, max-image-preview:large, max-video-preview:-1\" \/>\n<link rel=\"canonical\" href=\"https:\/\/tzar.be\/nl\/design\/\" \/>\n<meta property=\"og:locale\" content=\"nl_BE\" \/>\n<meta property=\"og:type\" content=\"article\" \/>\n<meta property=\"og:title\" content=\"Ontwerp samen met ons uw merk. Tzar | Communication agency\" \/>\n<meta property=\"og:description\" content=\"Bouw samen met ons uw ontwerp. Merkontwerp, grafisch ontwerp, digitaal ontwerp, conceptstemming ... Design, het is alles wat de klant voelt over uw bedrijf.\" \/>\n<meta property=\"og:url\" content=\"https:\/\/tzar.be\/nl\/design\/\" \/>\n<meta property=\"og:site_name\" content=\"TZAR\" \/>\n<meta property=\"article:publisher\" content=\"https:\/\/www.facebook.com\/tzar.be\/\" \/>\n<meta property=\"article:modified_time\" content=\"2021-04-08T20:20:35+00:00\" \/>\n<meta property=\"og:image\" content=\"https:\/\/tzar.be\/wp-content\/uploads\/2020\/11\/1-Brand-Strategy-Cover-1024x640.jpg\" \/>\n<meta name=\"twitter:card\" content=\"summary_large_image\" \/>\n<meta name=\"twitter:label1\" content=\"Geschatte leestijd\" \/>\n\t<meta name=\"twitter:data1\" content=\"3 minuten\" \/>\n<script type=\"application\/ld+json\" class=\"yoast-schema-graph\">{\"@context\":\"https:\/\/schema.org\",\"@graph\":[{\"@type\":\"WebPage\",\"@id\":\"https:\/\/tzar.be\/nl\/design\/\",\"url\":\"https:\/\/tzar.be\/nl\/design\/\",\"name\":\"Ontwerp uw merk met ons | Communicatiebureau\",\"isPartOf\":{\"@id\":\"https:\/\/tzar.be\/nl\/#website\"},\"datePublished\":\"2021-04-01T13:34:11+00:00\",\"dateModified\":\"2021-04-08T20:20:35+00:00\",\"description\":\"Bouw samen met ons uw ontwerp. Merkontwerp, grafisch ontwerp, digitaal ontwerp, conceptstemming ... Design, het is alles wat de klant voelt over uw bedrijf.\",\"breadcrumb\":{\"@id\":\"https:\/\/tzar.be\/nl\/design\/#breadcrumb\"},\"inLanguage\":\"nl-BE\",\"potentialAction\":[{\"@type\":\"ReadAction\",\"target\":[\"https:\/\/tzar.be\/nl\/design\/\"]}]},{\"@type\":\"BreadcrumbList\",\"@id\":\"https:\/\/tzar.be\/nl\/design\/#breadcrumb\",\"itemListElement\":[{\"@type\":\"ListItem\",\"position\":1,\"name\":\"Home\",\"item\":\"https:\/\/tzar.be\/nl\/\"},{\"@type\":\"ListItem\",\"position\":2,\"name\":\"Design\"}]},{\"@type\":\"WebSite\",\"@id\":\"https:\/\/tzar.be\/nl\/#website\",\"url\":\"https:\/\/tzar.be\/nl\/\",\"name\":\"TZAR\",\"description\":\"Marketing &amp; Business Events\",\"publisher\":{\"@id\":\"https:\/\/tzar.be\/nl\/#organization\"},\"potentialAction\":[{\"@type\":\"SearchAction\",\"target\":{\"@type\":\"EntryPoint\",\"urlTemplate\":\"https:\/\/tzar.be\/nl\/?s={search_term_string}\"},\"query-input\":\"required name=search_term_string\"}],\"inLanguage\":\"nl-BE\"},{\"@type\":\"Organization\",\"@id\":\"https:\/\/tzar.be\/nl\/#organization\",\"name\":\"Tzar\",\"url\":\"https:\/\/tzar.be\/nl\/\",\"logo\":{\"@type\":\"ImageObject\",\"inLanguage\":\"nl-BE\",\"@id\":\"https:\/\/tzar.be\/nl\/#\/schema\/logo\/image\/\",\"url\":\"https:\/\/tzar.be\/wp-content\/uploads\/2020\/06\/tzar-logo-e1592380497970.png\",\"contentUrl\":\"https:\/\/tzar.be\/wp-content\/uploads\/2020\/06\/tzar-logo-e1592380497970.png\",\"width\":357,\"height\":174,\"caption\":\"Tzar\"},\"image\":{\"@id\":\"https:\/\/tzar.be\/nl\/#\/schema\/logo\/image\/\"},\"sameAs\":[\"https:\/\/www.facebook.com\/tzar.be\/\",\"https:\/\/www.instagram.com\/TZARcommunication\/\",\"https:\/\/www.linkedin.com\/company\/tzar\/\"]}]}<\/script>\n<!-- \/ Yoast SEO plugin. -->","yoast_head_json":{"title":"Ontwerp uw merk met ons  | Communicatiebureau","description":"Bouw samen met ons uw ontwerp. Merkontwerp, grafisch ontwerp, digitaal ontwerp, conceptstemming ... Design, het is alles wat de klant voelt over uw bedrijf.","robots":{"index":"index","follow":"follow","max-snippet":"max-snippet:-1","max-image-preview":"max-image-preview:large","max-video-preview":"max-video-preview:-1"},"canonical":"https:\/\/tzar.be\/nl\/design\/","og_locale":"nl_BE","og_type":"article","og_title":"Ontwerp samen met ons uw merk. Tzar | Communication agency","og_description":"Bouw samen met ons uw ontwerp. Merkontwerp, grafisch ontwerp, digitaal ontwerp, conceptstemming ... Design, het is alles wat de klant voelt over uw bedrijf.","og_url":"https:\/\/tzar.be\/nl\/design\/","og_site_name":"TZAR","article_publisher":"https:\/\/www.facebook.com\/tzar.be\/","article_modified_time":"2021-04-08T20:20:35+00:00","og_image":[{"url":"https:\/\/tzar.be\/wp-content\/uploads\/2020\/11\/1-Brand-Strategy-Cover-1024x640.jpg"}],"twitter_card":"summary_large_image","twitter_misc":{"Geschatte leestijd":"3 minuten"},"schema":{"@context":"https:\/\/schema.org","@graph":[{"@type":"WebPage","@id":"https:\/\/tzar.be\/nl\/design\/","url":"https:\/\/tzar.be\/nl\/design\/","name":"Ontwerp uw merk met ons | Communicatiebureau","isPartOf":{"@id":"https:\/\/tzar.be\/nl\/#website"},"datePublished":"2021-04-01T13:34:11+00:00","dateModified":"2021-04-08T20:20:35+00:00","description":"Bouw samen met ons uw ontwerp. Merkontwerp, grafisch ontwerp, digitaal ontwerp, conceptstemming ... Design, het is alles wat de klant voelt over uw bedrijf.","breadcrumb":{"@id":"https:\/\/tzar.be\/nl\/design\/#breadcrumb"},"inLanguage":"nl-BE","potentialAction":[{"@type":"ReadAction","target":["https:\/\/tzar.be\/nl\/design\/"]}]},{"@type":"BreadcrumbList","@id":"https:\/\/tzar.be\/nl\/design\/#breadcrumb","itemListElement":[{"@type":"ListItem","position":1,"name":"Home","item":"https:\/\/tzar.be\/nl\/"},{"@type":"ListItem","position":2,"name":"Design"}]},{"@type":"WebSite","@id":"https:\/\/tzar.be\/nl\/#website","url":"https:\/\/tzar.be\/nl\/","name":"TZAR","description":"Marketing &amp; Business Events","publisher":{"@id":"https:\/\/tzar.be\/nl\/#organization"},"potentialAction":[{"@type":"SearchAction","target":{"@type":"EntryPoint","urlTemplate":"https:\/\/tzar.be\/nl\/?s={search_term_string}"},"query-input":"required name=search_term_string"}],"inLanguage":"nl-BE"},{"@type":"Organization","@id":"https:\/\/tzar.be\/nl\/#organization","name":"Tzar","url":"https:\/\/tzar.be\/nl\/","logo":{"@type":"ImageObject","inLanguage":"nl-BE","@id":"https:\/\/tzar.be\/nl\/#\/schema\/logo\/image\/","url":"https:\/\/tzar.be\/wp-content\/uploads\/2020\/06\/tzar-logo-e1592380497970.png","contentUrl":"https:\/\/tzar.be\/wp-content\/uploads\/2020\/06\/tzar-logo-e1592380497970.png","width":357,"height":174,"caption":"Tzar"},"image":{"@id":"https:\/\/tzar.be\/nl\/#\/schema\/logo\/image\/"},"sameAs":["https:\/\/www.facebook.com\/tzar.be\/","https:\/\/www.instagram.com\/TZARcommunication\/","https:\/\/www.linkedin.com\/company\/tzar\/"]}]}},"_links":{"self":[{"href":"https:\/\/tzar.be\/nl\/wp-json\/wp\/v2\/pages\/3341"}],"collection":[{"href":"https:\/\/tzar.be\/nl\/wp-json\/wp\/v2\/pages"}],"about":[{"href":"https:\/\/tzar.be\/nl\/wp-json\/wp\/v2\/types\/page"}],"author":[{"embeddable":true,"href":"https:\/\/tzar.be\/nl\/wp-json\/wp\/v2\/users\/1"}],"replies":[{"embeddable":true,"href":"https:\/\/tzar.be\/nl\/wp-json\/wp\/v2\/comments?post=3341"}],"version-history":[{"count":5,"href":"https:\/\/tzar.be\/nl\/wp-json\/wp\/v2\/pages\/3341\/revisions"}],"predecessor-version":[{"id":3792,"href":"https:\/\/tzar.be\/nl\/wp-json\/wp\/v2\/pages\/3341\/revisions\/3792"}],"wp:attachment":[{"href":"https:\/\/tzar.be\/nl\/wp-json\/wp\/v2\/media?parent=3341"}],"curies":[{"name":"wp","href":"https:\/\/api.w.org\/{rel}","templated":true}]}}