{"id":3002,"date":"2021-01-08T14:34:48","date_gmt":"2021-01-08T14:34:48","guid":{"rendered":"https:\/\/tzar.be\/stands-dexposition-showrooms\/"},"modified":"2021-04-29T08:30:22","modified_gmt":"2021-04-29T08:30:22","slug":"stands-dexposition-showrooms","status":"publish","type":"page","link":"https:\/\/tzar.be\/fr\/stands-dexposition-showrooms\/","title":{"rendered":"Stands d\u2019exposition &amp; Showrooms"},"content":{"rendered":"\t\t<div data-elementor-type=\"wp-post\" data-elementor-id=\"3002\" class=\"elementor elementor-3002 elementor-2369\">\n\t\t\t\t\t\t<section class=\"has_eae_slider elementor-section elementor-top-section elementor-element elementor-element-8becf72 elementor-section-boxed elementor-section-height-default elementor-section-height-default\" data-eae-slider=\"53994\" data-id=\"8becf72\" data-element_type=\"section\">\n\t\t\t\t\t\t<div class=\"elementor-container elementor-column-gap-default\">\n\t\t\t\t\t<div class=\"has_eae_slider elementor-column elementor-col-100 elementor-top-column elementor-element elementor-element-85912c7\" data-eae-slider=\"30022\" data-id=\"85912c7\" data-element_type=\"column\">\n\t\t\t<div class=\"elementor-widget-wrap elementor-element-populated\">\n\t\t\t\t\t\t<div class=\"elementor-element elementor-element-f0c118f elementor-widget elementor-widget-heading\" data-id=\"f0c118f\" data-element_type=\"widget\" data-widget_type=\"heading.default\">\n\t\t\t\t<div class=\"elementor-widget-container\">\n\t\t\t<h2 class=\"elementor-heading-title elementor-size-default\">Showrooms<\/h2>\t\t<\/div>\n\t\t\t\t<\/div>\n\t\t\t\t<div class=\"elementor-element elementor-element-8bdb32b elementor-widget elementor-widget-text-editor\" data-id=\"8bdb32b\" data-element_type=\"widget\" data-widget_type=\"text-editor.default\">\n\t\t\t\t<div class=\"elementor-widget-container\">\n\t\t\t\t\t\t\t<p class=\"p1\"><span class=\"s1\">Votre message ne peut plus attendre. Et celui-ci doit \u00eatre fort et clair dans toutes les situations sinon personne ne le remarquera. Les showrooms et stands d&#8217;exposition cr\u00e9\u00e9s par TZAR ont cette valeur fondamentale \u00e0 l&#8217;esprit. Votre communication, votre produit et votre entreprise doivent \u00eatre au centre de l&#8217;attention. \u00c0 l\u2019\u00e9chelle nationale et multinationale, Tzar a cr\u00e9\u00e9 les plus \u00e9tonnants stands d&#8217;exposition et showrooms.<\/span><\/p>\n<p class=\"p1\"><span class=\"s1\">Ensemble, faisons passer votre message !<\/span><\/p>\n\t\t\t\t\t\t<\/div>\n\t\t\t\t<\/div>\n\t\t\t\t\t<\/div>\n\t\t<\/div>\n\t\t\t\t\t<\/div>\n\t\t<\/section>\n\t\t\t\t<section class=\"has_eae_slider elementor-section elementor-top-section elementor-element elementor-element-7a09fba elementor-section-full_width elementor-section-height-default elementor-section-height-default\" data-eae-slider=\"76252\" data-id=\"7a09fba\" data-element_type=\"section\">\n\t\t\t\t\t\t<div class=\"elementor-container elementor-column-gap-default\">\n\t\t\t\t\t<div class=\"has_eae_slider elementor-column elementor-col-33 elementor-top-column elementor-element elementor-element-dbeee42\" data-eae-slider=\"32734\" data-id=\"dbeee42\" data-element_type=\"column\">\n\t\t\t<div class=\"elementor-widget-wrap elementor-element-populated\">\n\t\t\t\t\t\t<div class=\"elementor-element elementor-element-44a8e73 elementor-widget elementor-widget-image\" data-id=\"44a8e73\" data-element_type=\"widget\" data-widget_type=\"image.default\">\n\t\t\t\t<div class=\"elementor-widget-container\">\n\t\t\t\t\t\t\t\t\t\t\t\t\t\t<a href=\"http:\/\/tzar.be\/portfolio\/exhibition-stand-design\/\">\n\t\t\t\t\t\t\t<img fetchpriority=\"high\" decoding=\"async\" width=\"1024\" height=\"931\" src=\"https:\/\/tzar.be\/wp-content\/uploads\/2020\/11\/Exhibition-stand-design-cover-diamant-1024x931.jpg\" class=\"attachment-large size-large wp-image-3014\" alt=\"Office Design | Stand and showroom | Tzar Agency\" srcset=\"https:\/\/tzar.be\/wp-content\/uploads\/2020\/11\/Exhibition-stand-design-cover-diamant-1024x931.jpg 1024w, https:\/\/tzar.be\/wp-content\/uploads\/2020\/11\/Exhibition-stand-design-cover-diamant-300x273.jpg 300w, https:\/\/tzar.be\/wp-content\/uploads\/2020\/11\/Exhibition-stand-design-cover-diamant-768x698.jpg 768w, https:\/\/tzar.be\/wp-content\/uploads\/2020\/11\/Exhibition-stand-design-cover-diamant-375x340.jpg 375w, https:\/\/tzar.be\/wp-content\/uploads\/2020\/11\/Exhibition-stand-design-cover-diamant.jpg 1210w\" sizes=\"(max-width: 1024px) 100vw, 1024px\" \/>\t\t\t\t\t\t\t\t<\/a>\n\t\t\t\t\t\t\t\t\t\t\t\t\t<\/div>\n\t\t\t\t<\/div>\n\t\t\t\t<div class=\"elementor-element elementor-element-856f693 elementor-widget elementor-widget-heading\" data-id=\"856f693\" data-element_type=\"widget\" data-widget_type=\"heading.default\">\n\t\t\t\t<div class=\"elementor-widget-container\">\n\t\t\t<h2 class=\"elementor-heading-title elementor-size-default\">Conception de stand d'exposition<\/h2>\t\t<\/div>\n\t\t\t\t<\/div>\n\t\t\t\t\t<\/div>\n\t\t<\/div>\n\t\t\t\t<div class=\"has_eae_slider elementor-column elementor-col-33 elementor-top-column elementor-element elementor-element-92289d9\" data-eae-slider=\"25106\" data-id=\"92289d9\" data-element_type=\"column\">\n\t\t\t<div class=\"elementor-widget-wrap elementor-element-populated\">\n\t\t\t\t\t\t<div class=\"elementor-element elementor-element-73f9dfa elementor-widget elementor-widget-image\" data-id=\"73f9dfa\" data-element_type=\"widget\" data-widget_type=\"image.default\">\n\t\t\t\t<div class=\"elementor-widget-container\">\n\t\t\t\t\t\t\t\t\t\t\t\t\t\t<a href=\"http:\/\/tzar.be\/portfolio\/exhibition-stand-construction\/\">\n\t\t\t\t\t\t\t<img decoding=\"async\" width=\"1024\" height=\"931\" src=\"https:\/\/tzar.be\/wp-content\/uploads\/2020\/11\/Exhibition-stand-construction-cover-diamant-1024x931.jpg\" class=\"attachment-large size-large wp-image-3012\" alt=\"Stand and showroom | Tzar Agency\" srcset=\"https:\/\/tzar.be\/wp-content\/uploads\/2020\/11\/Exhibition-stand-construction-cover-diamant-1024x931.jpg 1024w, https:\/\/tzar.be\/wp-content\/uploads\/2020\/11\/Exhibition-stand-construction-cover-diamant-300x273.jpg 300w, https:\/\/tzar.be\/wp-content\/uploads\/2020\/11\/Exhibition-stand-construction-cover-diamant-768x698.jpg 768w, https:\/\/tzar.be\/wp-content\/uploads\/2020\/11\/Exhibition-stand-construction-cover-diamant-375x340.jpg 375w, https:\/\/tzar.be\/wp-content\/uploads\/2020\/11\/Exhibition-stand-construction-cover-diamant.jpg 1210w\" sizes=\"(max-width: 1024px) 100vw, 1024px\" \/>\t\t\t\t\t\t\t\t<\/a>\n\t\t\t\t\t\t\t\t\t\t\t\t\t<\/div>\n\t\t\t\t<\/div>\n\t\t\t\t<div class=\"elementor-element elementor-element-95f2069 elementor-widget elementor-widget-heading\" data-id=\"95f2069\" data-element_type=\"widget\" data-widget_type=\"heading.default\">\n\t\t\t\t<div class=\"elementor-widget-container\">\n\t\t\t<h2 class=\"elementor-heading-title elementor-size-default\">Construction de stand d\u2019exposition<\/h2>\t\t<\/div>\n\t\t\t\t<\/div>\n\t\t\t\t\t<\/div>\n\t\t<\/div>\n\t\t\t\t<div class=\"has_eae_slider elementor-column elementor-col-33 elementor-top-column elementor-element elementor-element-c9ef4c6\" data-eae-slider=\"7780\" data-id=\"c9ef4c6\" data-element_type=\"column\">\n\t\t\t<div class=\"elementor-widget-wrap elementor-element-populated\">\n\t\t\t\t\t\t<div class=\"elementor-element elementor-element-5c4ffae elementor-widget elementor-widget-image\" data-id=\"5c4ffae\" data-element_type=\"widget\" data-widget_type=\"image.default\">\n\t\t\t\t<div class=\"elementor-widget-container\">\n\t\t\t\t\t\t\t\t\t\t\t\t\t\t<a href=\"http:\/\/tzar.be\/portfolio\/showrooms\/\">\n\t\t\t\t\t\t\t<img decoding=\"async\" width=\"1024\" height=\"931\" src=\"https:\/\/tzar.be\/wp-content\/uploads\/2020\/11\/Showroom-1-cover-1024x931.jpg\" class=\"attachment-large size-large wp-image-3010\" alt=\"Office Design | Stand and showroom | Tzar Agency\" srcset=\"https:\/\/tzar.be\/wp-content\/uploads\/2020\/11\/Showroom-1-cover-1024x931.jpg 1024w, https:\/\/tzar.be\/wp-content\/uploads\/2020\/11\/Showroom-1-cover-300x273.jpg 300w, https:\/\/tzar.be\/wp-content\/uploads\/2020\/11\/Showroom-1-cover-768x698.jpg 768w, https:\/\/tzar.be\/wp-content\/uploads\/2020\/11\/Showroom-1-cover-375x340.jpg 375w, https:\/\/tzar.be\/wp-content\/uploads\/2020\/11\/Showroom-1-cover.jpg 1210w\" sizes=\"(max-width: 1024px) 100vw, 1024px\" \/>\t\t\t\t\t\t\t\t<\/a>\n\t\t\t\t\t\t\t\t\t\t\t\t\t<\/div>\n\t\t\t\t<\/div>\n\t\t\t\t<div class=\"elementor-element elementor-element-7c10c1f elementor-widget elementor-widget-heading\" data-id=\"7c10c1f\" data-element_type=\"widget\" data-widget_type=\"heading.default\">\n\t\t\t\t<div class=\"elementor-widget-container\">\n\t\t\t<h2 class=\"elementor-heading-title elementor-size-default\">Showrooms<\/h2>\t\t<\/div>\n\t\t\t\t<\/div>\n\t\t\t\t\t<\/div>\n\t\t<\/div>\n\t\t\t\t\t<\/div>\n\t\t<\/section>\n\t\t\t\t<section class=\"has_eae_slider elementor-section elementor-top-section elementor-element elementor-element-9354b4c elementor-section-full_width elementor-section-height-default elementor-section-height-default\" data-eae-slider=\"24237\" data-id=\"9354b4c\" data-element_type=\"section\">\n\t\t\t\t\t\t<div class=\"elementor-container elementor-column-gap-default\">\n\t\t\t\t\t<div class=\"has_eae_slider elementor-column elementor-col-33 elementor-top-column elementor-element elementor-element-b392b9c\" data-eae-slider=\"42279\" data-id=\"b392b9c\" data-element_type=\"column\">\n\t\t\t<div class=\"elementor-widget-wrap elementor-element-populated\">\n\t\t\t\t\t\t<div class=\"elementor-element elementor-element-a289de2 elementor-widget elementor-widget-image\" data-id=\"a289de2\" data-element_type=\"widget\" data-widget_type=\"image.default\">\n\t\t\t\t<div class=\"elementor-widget-container\">\n\t\t\t\t\t\t\t\t\t\t\t\t\t\t<a href=\"http:\/\/tzar.be\/portfolio\/office-design\/\">\n\t\t\t\t\t\t\t<img loading=\"lazy\" decoding=\"async\" width=\"1024\" height=\"931\" src=\"https:\/\/tzar.be\/wp-content\/uploads\/2020\/11\/Office-design-1-cover-diamant-1024x931.jpg\" class=\"attachment-large size-large wp-image-3008\" alt=\"Office Design | Stand and showroom | Tzar Agency\" srcset=\"https:\/\/tzar.be\/wp-content\/uploads\/2020\/11\/Office-design-1-cover-diamant-1024x931.jpg 1024w, https:\/\/tzar.be\/wp-content\/uploads\/2020\/11\/Office-design-1-cover-diamant-300x273.jpg 300w, https:\/\/tzar.be\/wp-content\/uploads\/2020\/11\/Office-design-1-cover-diamant-768x698.jpg 768w, https:\/\/tzar.be\/wp-content\/uploads\/2020\/11\/Office-design-1-cover-diamant-375x340.jpg 375w, https:\/\/tzar.be\/wp-content\/uploads\/2020\/11\/Office-design-1-cover-diamant.jpg 1210w\" sizes=\"(max-width: 1024px) 100vw, 1024px\" \/>\t\t\t\t\t\t\t\t<\/a>\n\t\t\t\t\t\t\t\t\t\t\t\t\t<\/div>\n\t\t\t\t<\/div>\n\t\t\t\t<div class=\"elementor-element elementor-element-c8908aa elementor-widget elementor-widget-heading\" data-id=\"c8908aa\" data-element_type=\"widget\" data-widget_type=\"heading.default\">\n\t\t\t\t<div class=\"elementor-widget-container\">\n\t\t\t<h2 class=\"elementor-heading-title elementor-size-default\">Conception des bureaux<\/h2>\t\t<\/div>\n\t\t\t\t<\/div>\n\t\t\t\t\t<\/div>\n\t\t<\/div>\n\t\t\t\t<div class=\"has_eae_slider elementor-column elementor-col-33 elementor-top-column elementor-element elementor-element-4a20d69\" data-eae-slider=\"27333\" data-id=\"4a20d69\" data-element_type=\"column\">\n\t\t\t<div class=\"elementor-widget-wrap elementor-element-populated\">\n\t\t\t\t\t\t<div class=\"elementor-element elementor-element-d88ce9c elementor-widget elementor-widget-image\" data-id=\"d88ce9c\" data-element_type=\"widget\" data-widget_type=\"image.default\">\n\t\t\t\t<div class=\"elementor-widget-container\">\n\t\t\t\t\t\t\t\t\t\t\t\t\t\t<a href=\"http:\/\/tzar.be\/portfolio\/printing-products\/\">\n\t\t\t\t\t\t\t<img loading=\"lazy\" decoding=\"async\" width=\"1024\" height=\"931\" src=\"https:\/\/tzar.be\/wp-content\/uploads\/2020\/11\/pp1-cover-1024x931.jpg\" class=\"attachment-large size-large wp-image-3006\" alt=\"Stand and showroom | Tzar Agency\" srcset=\"https:\/\/tzar.be\/wp-content\/uploads\/2020\/11\/pp1-cover-1024x931.jpg 1024w, https:\/\/tzar.be\/wp-content\/uploads\/2020\/11\/pp1-cover-300x273.jpg 300w, https:\/\/tzar.be\/wp-content\/uploads\/2020\/11\/pp1-cover-768x698.jpg 768w, https:\/\/tzar.be\/wp-content\/uploads\/2020\/11\/pp1-cover-375x340.jpg 375w, https:\/\/tzar.be\/wp-content\/uploads\/2020\/11\/pp1-cover.jpg 1210w\" sizes=\"(max-width: 1024px) 100vw, 1024px\" \/>\t\t\t\t\t\t\t\t<\/a>\n\t\t\t\t\t\t\t\t\t\t\t\t\t<\/div>\n\t\t\t\t<\/div>\n\t\t\t\t<div class=\"elementor-element elementor-element-fcf0b35 elementor-widget elementor-widget-heading\" data-id=\"fcf0b35\" data-element_type=\"widget\" data-widget_type=\"heading.default\">\n\t\t\t\t<div class=\"elementor-widget-container\">\n\t\t\t<h2 class=\"elementor-heading-title elementor-size-default\">Impression et produits<\/h2>\t\t<\/div>\n\t\t\t\t<\/div>\n\t\t\t\t\t<\/div>\n\t\t<\/div>\n\t\t\t\t<div class=\"has_eae_slider elementor-column elementor-col-33 elementor-top-column elementor-element elementor-element-b028d44\" data-eae-slider=\"18673\" data-id=\"b028d44\" data-element_type=\"column\">\n\t\t\t<div class=\"elementor-widget-wrap elementor-element-populated\">\n\t\t\t\t\t\t<div class=\"elementor-element elementor-element-75d67c3 elementor-widget elementor-widget-image\" data-id=\"75d67c3\" data-element_type=\"widget\" data-widget_type=\"image.default\">\n\t\t\t\t<div class=\"elementor-widget-container\">\n\t\t\t\t\t\t\t\t\t\t\t\t\t\t<a href=\"http:\/\/tzar.be\/portfolio\/other-services-space\/\">\n\t\t\t\t\t\t\t<img loading=\"lazy\" decoding=\"async\" width=\"1024\" height=\"931\" src=\"https:\/\/tzar.be\/wp-content\/uploads\/2020\/11\/Other-Services-1-cover--1024x931.jpg\" class=\"attachment-large size-large wp-image-3004\" alt=\"Office Design | Stand and showroom | Tzar Agency\" srcset=\"https:\/\/tzar.be\/wp-content\/uploads\/2020\/11\/Other-Services-1-cover--1024x931.jpg 1024w, https:\/\/tzar.be\/wp-content\/uploads\/2020\/11\/Other-Services-1-cover--300x273.jpg 300w, https:\/\/tzar.be\/wp-content\/uploads\/2020\/11\/Other-Services-1-cover--768x698.jpg 768w, https:\/\/tzar.be\/wp-content\/uploads\/2020\/11\/Other-Services-1-cover--375x340.jpg 375w, https:\/\/tzar.be\/wp-content\/uploads\/2020\/11\/Other-Services-1-cover-.jpg 1210w\" sizes=\"(max-width: 1024px) 100vw, 1024px\" \/>\t\t\t\t\t\t\t\t<\/a>\n\t\t\t\t\t\t\t\t\t\t\t\t\t<\/div>\n\t\t\t\t<\/div>\n\t\t\t\t<div class=\"elementor-element elementor-element-a8600c5 elementor-widget elementor-widget-heading\" data-id=\"a8600c5\" data-element_type=\"widget\" data-widget_type=\"heading.default\">\n\t\t\t\t<div class=\"elementor-widget-container\">\n\t\t\t<h2 class=\"elementor-heading-title elementor-size-default\">Autres services<\/h2>\t\t<\/div>\n\t\t\t\t<\/div>\n\t\t\t\t\t<\/div>\n\t\t<\/div>\n\t\t\t\t\t<\/div>\n\t\t<\/section>\n\t\t\t\t<section class=\"has_eae_slider elementor-section elementor-top-section elementor-element elementor-element-32589c0f elementor-section-content-middle elementor-section-stretched elementor-section-full_width elementor-section-height-min-height elementor-section-height-default elementor-section-items-middle\" data-eae-slider=\"70657\" data-id=\"32589c0f\" data-element_type=\"section\" data-settings=\"{&quot;background_background&quot;:&quot;classic&quot;,&quot;stretch_section&quot;:&quot;section-stretched&quot;}\">\n\t\t\t\t\t\t<div class=\"elementor-container elementor-column-gap-narrow\">\n\t\t\t\t\t<div class=\"has_eae_slider elementor-column elementor-col-100 elementor-top-column elementor-element elementor-element-4588f2bd\" data-eae-slider=\"43975\" data-id=\"4588f2bd\" data-element_type=\"column\">\n\t\t\t<div class=\"elementor-widget-wrap elementor-element-populated\">\n\t\t\t\t\t\t<div class=\"elementor-element elementor-element-4446278b elementor-widget elementor-widget-heading\" data-id=\"4446278b\" data-element_type=\"widget\" data-widget_type=\"heading.default\">\n\t\t\t\t<div class=\"elementor-widget-container\">\n\t\t\t<h4 class=\"elementor-heading-title elementor-size-default\">D\u00e9veloppons ensemble votre entreprise. <br>Votre message ne peut plus attendre.<\/h4>\t\t<\/div>\n\t\t\t\t<\/div>\n\t\t\t\t<div class=\"elementor-element elementor-element-2234d4be elementor-align-center elementor-widget elementor-widget-button\" data-id=\"2234d4be\" data-element_type=\"widget\" data-widget_type=\"button.default\">\n\t\t\t\t<div class=\"elementor-widget-container\">\n\t\t\t\t\t<div class=\"elementor-button-wrapper\">\n\t\t\t<a class=\"elementor-button elementor-button-link elementor-size-sm elementor-animation-grow\" href=\"http:\/\/tzar.be\/contact\/\">\n\t\t\t\t\t\t<span class=\"elementor-button-content-wrapper\">\n\t\t\t\t\t\t\t\t\t<span class=\"elementor-button-text\">Contactez-nous<\/span>\n\t\t\t\t\t<\/span>\n\t\t\t\t\t<\/a>\n\t\t<\/div>\n\t\t\t\t<\/div>\n\t\t\t\t<\/div>\n\t\t\t\t\t<\/div>\n\t\t<\/div>\n\t\t\t\t\t<\/div>\n\t\t<\/section>\n\t\t\t\t<section class=\"has_eae_slider elementor-section elementor-top-section elementor-element elementor-element-0d14550 elementor-section-boxed elementor-section-height-default elementor-section-height-default\" data-eae-slider=\"95439\" data-id=\"0d14550\" data-element_type=\"section\">\n\t\t\t\t\t\t<div class=\"elementor-container elementor-column-gap-default\">\n\t\t\t\t\t<div class=\"has_eae_slider elementor-column elementor-col-100 elementor-top-column elementor-element elementor-element-a756577\" data-eae-slider=\"16341\" data-id=\"a756577\" data-element_type=\"column\">\n\t\t\t<div class=\"elementor-widget-wrap\">\n\t\t\t\t\t\t\t<\/div>\n\t\t<\/div>\n\t\t\t\t\t<\/div>\n\t\t<\/section>\n\t\t\t\t<\/div>\n\t\t","protected":false},"excerpt":{"rendered":"<p>Showrooms Votre message ne peut plus attendre. Et celui-ci doit \u00eatre fort et clair dans toutes les situations sinon personne ne le remarquera. Les showrooms et stands d&#8217;exposition cr\u00e9\u00e9s par TZAR ont cette valeur fondamentale \u00e0 l&#8217;esprit. Votre communication, votre produit et votre entreprise doivent \u00eatre au centre de l&#8217;attention. \u00c0 l\u2019\u00e9chelle nationale et multinationale, [&hellip;]<\/p>\n","protected":false},"author":1,"featured_media":0,"parent":0,"menu_order":0,"comment_status":"closed","ping_status":"closed","template":"","meta":[],"yoast_head":"<!-- This site is optimized with the Yoast SEO plugin v21.8.1 - https:\/\/yoast.com\/wordpress\/plugins\/seo\/ -->\n<title>Stands d\u2019exposition &amp; Showrooms | TZAR | Agence de communication<\/title>\n<meta name=\"description\" content=\"Grand ou petit, local ou international, TZAR a cr\u00e9\u00e9 certains des stands d&#039;exposition, salles d&#039;exposition et autres mat\u00e9riels promotionnels les plus \u00e9tonnants.\" \/>\n<meta name=\"robots\" content=\"index, follow, max-snippet:-1, max-image-preview:large, max-video-preview:-1\" \/>\n<link rel=\"canonical\" href=\"https:\/\/tzar.be\/fr\/stands-dexposition-showrooms\/\" \/>\n<meta property=\"og:locale\" content=\"fr_FR\" \/>\n<meta property=\"og:type\" content=\"article\" \/>\n<meta property=\"og:title\" content=\"Stands d&#039;exposition et Showrooms - Tzar | Agence de communication\" \/>\n<meta property=\"og:description\" content=\"Grand ou petit, local ou international, TZAR a cr\u00e9\u00e9 certains des stands d&#039;exposition, salles d&#039;exposition et autres mat\u00e9riels promotionnels les plus \u00e9tonnants.\" \/>\n<meta property=\"og:url\" content=\"https:\/\/tzar.be\/fr\/stands-dexposition-showrooms\/\" \/>\n<meta property=\"og:site_name\" content=\"TZAR\" \/>\n<meta property=\"article:publisher\" content=\"https:\/\/www.facebook.com\/tzar.be\/\" \/>\n<meta property=\"article:modified_time\" content=\"2021-04-29T08:30:22+00:00\" \/>\n<meta property=\"og:image\" content=\"https:\/\/tzar.be\/wp-content\/uploads\/2020\/11\/Exhibition-stand-design-cover-diamant-1024x931.jpg\" \/>\n<meta name=\"twitter:card\" content=\"summary_large_image\" \/>\n<meta name=\"twitter:label1\" content=\"Dur\u00e9e de lecture est.\" \/>\n\t<meta name=\"twitter:data1\" content=\"2 minutes\" \/>\n<script type=\"application\/ld+json\" class=\"yoast-schema-graph\">{\"@context\":\"https:\/\/schema.org\",\"@graph\":[{\"@type\":\"WebPage\",\"@id\":\"https:\/\/tzar.be\/fr\/stands-dexposition-showrooms\/\",\"url\":\"https:\/\/tzar.be\/fr\/stands-dexposition-showrooms\/\",\"name\":\"Stands d\u2019exposition &amp; Showrooms | TZAR | Agence de communication\",\"isPartOf\":{\"@id\":\"https:\/\/tzar.be\/fr\/#website\"},\"datePublished\":\"2021-01-08T14:34:48+00:00\",\"dateModified\":\"2021-04-29T08:30:22+00:00\",\"description\":\"Grand ou petit, local ou international, TZAR a cr\u00e9\u00e9 certains des stands d'exposition, salles d'exposition et autres mat\u00e9riels promotionnels les plus \u00e9tonnants.\",\"breadcrumb\":{\"@id\":\"https:\/\/tzar.be\/fr\/stands-dexposition-showrooms\/#breadcrumb\"},\"inLanguage\":\"fr-BE\",\"potentialAction\":[{\"@type\":\"ReadAction\",\"target\":[\"https:\/\/tzar.be\/fr\/stands-dexposition-showrooms\/\"]}]},{\"@type\":\"BreadcrumbList\",\"@id\":\"https:\/\/tzar.be\/fr\/stands-dexposition-showrooms\/#breadcrumb\",\"itemListElement\":[{\"@type\":\"ListItem\",\"position\":1,\"name\":\"Home\",\"item\":\"https:\/\/tzar.be\/fr\/\"},{\"@type\":\"ListItem\",\"position\":2,\"name\":\"Stands d\u2019exposition &amp; Showrooms\"}]},{\"@type\":\"WebSite\",\"@id\":\"https:\/\/tzar.be\/fr\/#website\",\"url\":\"https:\/\/tzar.be\/fr\/\",\"name\":\"TZAR\",\"description\":\"Marketing &amp; Business Events\",\"publisher\":{\"@id\":\"https:\/\/tzar.be\/fr\/#organization\"},\"potentialAction\":[{\"@type\":\"SearchAction\",\"target\":{\"@type\":\"EntryPoint\",\"urlTemplate\":\"https:\/\/tzar.be\/fr\/?s={search_term_string}\"},\"query-input\":\"required name=search_term_string\"}],\"inLanguage\":\"fr-BE\"},{\"@type\":\"Organization\",\"@id\":\"https:\/\/tzar.be\/fr\/#organization\",\"name\":\"Tzar\",\"url\":\"https:\/\/tzar.be\/fr\/\",\"logo\":{\"@type\":\"ImageObject\",\"inLanguage\":\"fr-BE\",\"@id\":\"https:\/\/tzar.be\/fr\/#\/schema\/logo\/image\/\",\"url\":\"https:\/\/tzar.be\/wp-content\/uploads\/2020\/06\/tzar-logo-e1592380497970.png\",\"contentUrl\":\"https:\/\/tzar.be\/wp-content\/uploads\/2020\/06\/tzar-logo-e1592380497970.png\",\"width\":357,\"height\":174,\"caption\":\"Tzar\"},\"image\":{\"@id\":\"https:\/\/tzar.be\/fr\/#\/schema\/logo\/image\/\"},\"sameAs\":[\"https:\/\/www.facebook.com\/tzar.be\/\",\"https:\/\/www.instagram.com\/TZARcommunication\/\",\"https:\/\/www.linkedin.com\/company\/tzar\/\"]}]}<\/script>\n<!-- \/ Yoast SEO plugin. -->","yoast_head_json":{"title":"Stands d\u2019exposition &amp; Showrooms | TZAR | Agence de communication","description":"Grand ou petit, local ou international, TZAR a cr\u00e9\u00e9 certains des stands d'exposition, salles d'exposition et autres mat\u00e9riels promotionnels les plus \u00e9tonnants.","robots":{"index":"index","follow":"follow","max-snippet":"max-snippet:-1","max-image-preview":"max-image-preview:large","max-video-preview":"max-video-preview:-1"},"canonical":"https:\/\/tzar.be\/fr\/stands-dexposition-showrooms\/","og_locale":"fr_FR","og_type":"article","og_title":"Stands d'exposition et Showrooms - Tzar | Agence de communication","og_description":"Grand ou petit, local ou international, TZAR a cr\u00e9\u00e9 certains des stands d'exposition, salles d'exposition et autres mat\u00e9riels promotionnels les plus \u00e9tonnants.","og_url":"https:\/\/tzar.be\/fr\/stands-dexposition-showrooms\/","og_site_name":"TZAR","article_publisher":"https:\/\/www.facebook.com\/tzar.be\/","article_modified_time":"2021-04-29T08:30:22+00:00","og_image":[{"url":"https:\/\/tzar.be\/wp-content\/uploads\/2020\/11\/Exhibition-stand-design-cover-diamant-1024x931.jpg"}],"twitter_card":"summary_large_image","twitter_misc":{"Dur\u00e9e de lecture est.":"2 minutes"},"schema":{"@context":"https:\/\/schema.org","@graph":[{"@type":"WebPage","@id":"https:\/\/tzar.be\/fr\/stands-dexposition-showrooms\/","url":"https:\/\/tzar.be\/fr\/stands-dexposition-showrooms\/","name":"Stands d\u2019exposition &amp; Showrooms | TZAR | Agence de communication","isPartOf":{"@id":"https:\/\/tzar.be\/fr\/#website"},"datePublished":"2021-01-08T14:34:48+00:00","dateModified":"2021-04-29T08:30:22+00:00","description":"Grand ou petit, local ou international, TZAR a cr\u00e9\u00e9 certains des stands d'exposition, salles d'exposition et autres mat\u00e9riels promotionnels les plus \u00e9tonnants.","breadcrumb":{"@id":"https:\/\/tzar.be\/fr\/stands-dexposition-showrooms\/#breadcrumb"},"inLanguage":"fr-BE","potentialAction":[{"@type":"ReadAction","target":["https:\/\/tzar.be\/fr\/stands-dexposition-showrooms\/"]}]},{"@type":"BreadcrumbList","@id":"https:\/\/tzar.be\/fr\/stands-dexposition-showrooms\/#breadcrumb","itemListElement":[{"@type":"ListItem","position":1,"name":"Home","item":"https:\/\/tzar.be\/fr\/"},{"@type":"ListItem","position":2,"name":"Stands d\u2019exposition &amp; Showrooms"}]},{"@type":"WebSite","@id":"https:\/\/tzar.be\/fr\/#website","url":"https:\/\/tzar.be\/fr\/","name":"TZAR","description":"Marketing &amp; Business Events","publisher":{"@id":"https:\/\/tzar.be\/fr\/#organization"},"potentialAction":[{"@type":"SearchAction","target":{"@type":"EntryPoint","urlTemplate":"https:\/\/tzar.be\/fr\/?s={search_term_string}"},"query-input":"required name=search_term_string"}],"inLanguage":"fr-BE"},{"@type":"Organization","@id":"https:\/\/tzar.be\/fr\/#organization","name":"Tzar","url":"https:\/\/tzar.be\/fr\/","logo":{"@type":"ImageObject","inLanguage":"fr-BE","@id":"https:\/\/tzar.be\/fr\/#\/schema\/logo\/image\/","url":"https:\/\/tzar.be\/wp-content\/uploads\/2020\/06\/tzar-logo-e1592380497970.png","contentUrl":"https:\/\/tzar.be\/wp-content\/uploads\/2020\/06\/tzar-logo-e1592380497970.png","width":357,"height":174,"caption":"Tzar"},"image":{"@id":"https:\/\/tzar.be\/fr\/#\/schema\/logo\/image\/"},"sameAs":["https:\/\/www.facebook.com\/tzar.be\/","https:\/\/www.instagram.com\/TZARcommunication\/","https:\/\/www.linkedin.com\/company\/tzar\/"]}]}},"_links":{"self":[{"href":"https:\/\/tzar.be\/fr\/wp-json\/wp\/v2\/pages\/3002"}],"collection":[{"href":"https:\/\/tzar.be\/fr\/wp-json\/wp\/v2\/pages"}],"about":[{"href":"https:\/\/tzar.be\/fr\/wp-json\/wp\/v2\/types\/page"}],"author":[{"embeddable":true,"href":"https:\/\/tzar.be\/fr\/wp-json\/wp\/v2\/users\/1"}],"replies":[{"embeddable":true,"href":"https:\/\/tzar.be\/fr\/wp-json\/wp\/v2\/comments?post=3002"}],"version-history":[{"count":5,"href":"https:\/\/tzar.be\/fr\/wp-json\/wp\/v2\/pages\/3002\/revisions"}],"predecessor-version":[{"id":3840,"href":"https:\/\/tzar.be\/fr\/wp-json\/wp\/v2\/pages\/3002\/revisions\/3840"}],"wp:attachment":[{"href":"https:\/\/tzar.be\/fr\/wp-json\/wp\/v2\/media?parent=3002"}],"curies":[{"name":"wp","href":"https:\/\/api.w.org\/{rel}","templated":true}]}}