{"id":2848,"date":"2021-01-08T14:06:02","date_gmt":"2021-01-08T14:06:02","guid":{"rendered":"https:\/\/tzar.be\/evenementiel\/"},"modified":"2021-04-29T08:26:06","modified_gmt":"2021-04-29T08:26:06","slug":"evenementiel","status":"publish","type":"page","link":"https:\/\/tzar.be\/fr\/evenementiel\/","title":{"rendered":"\u00c9v\u00e9nementiel"},"content":{"rendered":"\t\t<div data-elementor-type=\"wp-post\" data-elementor-id=\"2848\" class=\"elementor elementor-2848 elementor-2318\">\n\t\t\t\t\t\t<section class=\"has_eae_slider elementor-section elementor-top-section elementor-element elementor-element-8becf72 elementor-section-boxed elementor-section-height-default elementor-section-height-default\" data-eae-slider=\"41995\" data-id=\"8becf72\" data-element_type=\"section\">\n\t\t\t\t\t\t<div class=\"elementor-container elementor-column-gap-default\">\n\t\t\t\t\t<div class=\"has_eae_slider elementor-column elementor-col-100 elementor-top-column elementor-element elementor-element-85912c7\" data-eae-slider=\"11418\" data-id=\"85912c7\" data-element_type=\"column\">\n\t\t\t<div class=\"elementor-widget-wrap elementor-element-populated\">\n\t\t\t\t\t\t<div class=\"elementor-element elementor-element-f0c118f elementor-widget elementor-widget-heading\" data-id=\"f0c118f\" data-element_type=\"widget\" data-widget_type=\"heading.default\">\n\t\t\t\t<div class=\"elementor-widget-container\">\n\t\t\t<h2 class=\"elementor-heading-title elementor-size-default\">\u00c9v\u00e9nementiel<\/h2>\t\t<\/div>\n\t\t\t\t<\/div>\n\t\t\t\t<div class=\"elementor-element elementor-element-8bdb32b elementor-widget elementor-widget-text-editor\" data-id=\"8bdb32b\" data-element_type=\"widget\" data-widget_type=\"text-editor.default\">\n\t\t\t\t<div class=\"elementor-widget-container\">\n\t\t\t\t\t\t\t<p class=\"p1\"><span class=\"s1\">Votre message ne peut plus attendre et il est pr\u00e9f\u00e9rable de le partager avec un grand nombre de personnes. TZAR rassemble les talents pour cr\u00e9er le concept dont vous et votre entreprise vous souviendrez avec \u00e9motion pendant des ann\u00e9es ! Nous organisons tout type d\u2019\u00e9v\u00e8nement quelle que soit son envergure : un meeting intimiste regroupant quelques importants prospects ou un grand sommet d\u2019entreprise.<\/span>. Notre r\u00f4le est d\u2019\u00e9liminer les soucis li\u00e9s \u00e0 la gestion de l\u2019\u00e9v\u00e8nement et de vous laisser vous concentrer sur vos invit\u00e9s. Notre \u00e9quipe prendra le temps d&#8217;\u00e9couter et de comprendre vos besoins et de les transformer en un projet qui, nul doute, d\u00e9passera votre attentes&#8230;&nbsp;<\/p>\n\t\t\t\t\t\t<\/div>\n\t\t\t\t<\/div>\n\t\t\t\t\t<\/div>\n\t\t<\/div>\n\t\t\t\t\t<\/div>\n\t\t<\/section>\n\t\t\t\t<section class=\"has_eae_slider elementor-section elementor-top-section elementor-element elementor-element-7a09fba elementor-section-boxed elementor-section-height-default elementor-section-height-default\" data-eae-slider=\"64738\" data-id=\"7a09fba\" data-element_type=\"section\">\n\t\t\t\t\t\t<div class=\"elementor-container elementor-column-gap-default\">\n\t\t\t\t\t<div class=\"has_eae_slider elementor-column elementor-col-33 elementor-top-column elementor-element elementor-element-dbeee42\" data-eae-slider=\"80403\" data-id=\"dbeee42\" data-element_type=\"column\">\n\t\t\t<div class=\"elementor-widget-wrap elementor-element-populated\">\n\t\t\t\t\t\t<div class=\"elementor-element elementor-element-44a8e73 elementor-widget elementor-widget-image\" data-id=\"44a8e73\" data-element_type=\"widget\" data-widget_type=\"image.default\">\n\t\t\t\t<div class=\"elementor-widget-container\">\n\t\t\t\t\t\t\t\t\t\t\t\t\t\t<a href=\"https:\/\/tzar.be\/fr\/portfolio\/evenement-professionnels\/\">\n\t\t\t\t\t\t\t<img fetchpriority=\"high\" decoding=\"async\" width=\"1024\" height=\"931\" src=\"https:\/\/tzar.be\/wp-content\/uploads\/2020\/11\/Business-event-1-cover-diamant-1024x931.jpg\" class=\"attachment-large size-large wp-image-2860\" alt=\"Business Events | Tzar Agency\" srcset=\"https:\/\/tzar.be\/wp-content\/uploads\/2020\/11\/Business-event-1-cover-diamant-1024x931.jpg 1024w, https:\/\/tzar.be\/wp-content\/uploads\/2020\/11\/Business-event-1-cover-diamant-300x273.jpg 300w, https:\/\/tzar.be\/wp-content\/uploads\/2020\/11\/Business-event-1-cover-diamant-768x698.jpg 768w, https:\/\/tzar.be\/wp-content\/uploads\/2020\/11\/Business-event-1-cover-diamant-375x340.jpg 375w, https:\/\/tzar.be\/wp-content\/uploads\/2020\/11\/Business-event-1-cover-diamant.jpg 1210w\" sizes=\"(max-width: 1024px) 100vw, 1024px\" \/>\t\t\t\t\t\t\t\t<\/a>\n\t\t\t\t\t\t\t\t\t\t\t\t\t<\/div>\n\t\t\t\t<\/div>\n\t\t\t\t<div class=\"elementor-element elementor-element-856f693 elementor-widget elementor-widget-heading\" data-id=\"856f693\" data-element_type=\"widget\" data-widget_type=\"heading.default\">\n\t\t\t\t<div class=\"elementor-widget-container\">\n\t\t\t<h2 class=\"elementor-heading-title elementor-size-default\"><a href=\"https:\/\/tzar.be\/fr\/portfolio\/evenement-professionnels\/\">Ev\u00e9nement professionnels<\/a><\/h2>\t\t<\/div>\n\t\t\t\t<\/div>\n\t\t\t\t\t<\/div>\n\t\t<\/div>\n\t\t\t\t<div class=\"has_eae_slider elementor-column elementor-col-33 elementor-top-column elementor-element elementor-element-92289d9\" data-eae-slider=\"63091\" data-id=\"92289d9\" data-element_type=\"column\">\n\t\t\t<div class=\"elementor-widget-wrap elementor-element-populated\">\n\t\t\t\t\t\t<div class=\"elementor-element elementor-element-73f9dfa elementor-widget elementor-widget-image\" data-id=\"73f9dfa\" data-element_type=\"widget\" data-widget_type=\"image.default\">\n\t\t\t\t<div class=\"elementor-widget-container\">\n\t\t\t\t\t\t\t\t\t\t\t\t\t\t<a href=\"https:\/\/tzar.be\/fr\/portfolio\/conferences\/\">\n\t\t\t\t\t\t\t<img decoding=\"async\" width=\"1024\" height=\"931\" src=\"https:\/\/tzar.be\/wp-content\/uploads\/2020\/11\/Conference-1-cover-diamant-1024x931.jpg\" class=\"attachment-large size-large wp-image-2858\" alt=\"Conference | Tzar Agency\" srcset=\"https:\/\/tzar.be\/wp-content\/uploads\/2020\/11\/Conference-1-cover-diamant-1024x931.jpg 1024w, https:\/\/tzar.be\/wp-content\/uploads\/2020\/11\/Conference-1-cover-diamant-300x273.jpg 300w, https:\/\/tzar.be\/wp-content\/uploads\/2020\/11\/Conference-1-cover-diamant-768x698.jpg 768w, https:\/\/tzar.be\/wp-content\/uploads\/2020\/11\/Conference-1-cover-diamant-375x340.jpg 375w, https:\/\/tzar.be\/wp-content\/uploads\/2020\/11\/Conference-1-cover-diamant.jpg 1210w\" sizes=\"(max-width: 1024px) 100vw, 1024px\" \/>\t\t\t\t\t\t\t\t<\/a>\n\t\t\t\t\t\t\t\t\t\t\t\t\t<\/div>\n\t\t\t\t<\/div>\n\t\t\t\t<div class=\"elementor-element elementor-element-95f2069 elementor-widget elementor-widget-heading\" data-id=\"95f2069\" data-element_type=\"widget\" data-widget_type=\"heading.default\">\n\t\t\t\t<div class=\"elementor-widget-container\">\n\t\t\t<h2 class=\"elementor-heading-title elementor-size-default\"><a href=\"https:\/\/tzar.be\/fr\/portfolio\/conferences\/\">Conf\u00e9rences<\/a><\/h2>\t\t<\/div>\n\t\t\t\t<\/div>\n\t\t\t\t\t<\/div>\n\t\t<\/div>\n\t\t\t\t<div class=\"has_eae_slider elementor-column elementor-col-33 elementor-top-column elementor-element elementor-element-c9ef4c6\" data-eae-slider=\"16004\" data-id=\"c9ef4c6\" data-element_type=\"column\">\n\t\t\t<div class=\"elementor-widget-wrap elementor-element-populated\">\n\t\t\t\t\t\t<div class=\"elementor-element elementor-element-5c4ffae elementor-widget elementor-widget-image\" data-id=\"5c4ffae\" data-element_type=\"widget\" data-widget_type=\"image.default\">\n\t\t\t\t<div class=\"elementor-widget-container\">\n\t\t\t\t\t\t\t\t\t\t\t\t\t\t<a href=\"https:\/\/tzar.be\/fr\/portfolio\/fetes-du-personnel\/\">\n\t\t\t\t\t\t\t<img decoding=\"async\" width=\"1024\" height=\"931\" src=\"https:\/\/tzar.be\/wp-content\/uploads\/2020\/11\/staff-parties-diamant-cover-1024x931.jpg\" class=\"attachment-large size-large wp-image-2856\" alt=\"Staff Parties | Tzar Agency\" srcset=\"https:\/\/tzar.be\/wp-content\/uploads\/2020\/11\/staff-parties-diamant-cover-1024x931.jpg 1024w, https:\/\/tzar.be\/wp-content\/uploads\/2020\/11\/staff-parties-diamant-cover-300x273.jpg 300w, https:\/\/tzar.be\/wp-content\/uploads\/2020\/11\/staff-parties-diamant-cover-768x698.jpg 768w, https:\/\/tzar.be\/wp-content\/uploads\/2020\/11\/staff-parties-diamant-cover-375x340.jpg 375w, https:\/\/tzar.be\/wp-content\/uploads\/2020\/11\/staff-parties-diamant-cover.jpg 1210w\" sizes=\"(max-width: 1024px) 100vw, 1024px\" \/>\t\t\t\t\t\t\t\t<\/a>\n\t\t\t\t\t\t\t\t\t\t\t\t\t<\/div>\n\t\t\t\t<\/div>\n\t\t\t\t<div class=\"elementor-element elementor-element-7c10c1f elementor-widget elementor-widget-heading\" data-id=\"7c10c1f\" data-element_type=\"widget\" data-widget_type=\"heading.default\">\n\t\t\t\t<div class=\"elementor-widget-container\">\n\t\t\t<h2 class=\"elementor-heading-title elementor-size-default\"><a href=\"https:\/\/tzar.be\/fr\/portfolio\/fetes-du-personnel\/\">F\u00eates du personnel<\/a><\/h2>\t\t<\/div>\n\t\t\t\t<\/div>\n\t\t\t\t\t<\/div>\n\t\t<\/div>\n\t\t\t\t\t<\/div>\n\t\t<\/section>\n\t\t\t\t<section class=\"has_eae_slider elementor-section elementor-top-section elementor-element elementor-element-9354b4c elementor-section-boxed elementor-section-height-default elementor-section-height-default\" data-eae-slider=\"64068\" data-id=\"9354b4c\" data-element_type=\"section\">\n\t\t\t\t\t\t<div class=\"elementor-container elementor-column-gap-default\">\n\t\t\t\t\t<div class=\"has_eae_slider elementor-column elementor-col-33 elementor-top-column elementor-element elementor-element-b392b9c\" data-eae-slider=\"74838\" data-id=\"b392b9c\" data-element_type=\"column\">\n\t\t\t<div class=\"elementor-widget-wrap elementor-element-populated\">\n\t\t\t\t\t\t<div class=\"elementor-element elementor-element-a289de2 elementor-widget elementor-widget-image\" data-id=\"a289de2\" data-element_type=\"widget\" data-widget_type=\"image.default\">\n\t\t\t\t<div class=\"elementor-widget-container\">\n\t\t\t\t\t\t\t\t\t\t\t\t\t\t<a href=\"https:\/\/tzar.be\/fr\/portfolio\/evenements-institutionnels\/\">\n\t\t\t\t\t\t\t<img loading=\"lazy\" decoding=\"async\" width=\"1024\" height=\"931\" src=\"https:\/\/tzar.be\/wp-content\/uploads\/2020\/11\/Institutional-1-cover-diamant-1024x931.jpg\" class=\"attachment-large size-large wp-image-2854\" alt=\"Institutionnal\" srcset=\"https:\/\/tzar.be\/wp-content\/uploads\/2020\/11\/Institutional-1-cover-diamant-1024x931.jpg 1024w, https:\/\/tzar.be\/wp-content\/uploads\/2020\/11\/Institutional-1-cover-diamant-300x273.jpg 300w, https:\/\/tzar.be\/wp-content\/uploads\/2020\/11\/Institutional-1-cover-diamant-768x698.jpg 768w, https:\/\/tzar.be\/wp-content\/uploads\/2020\/11\/Institutional-1-cover-diamant-375x340.jpg 375w, https:\/\/tzar.be\/wp-content\/uploads\/2020\/11\/Institutional-1-cover-diamant.jpg 1210w\" sizes=\"(max-width: 1024px) 100vw, 1024px\" \/>\t\t\t\t\t\t\t\t<\/a>\n\t\t\t\t\t\t\t\t\t\t\t\t\t<\/div>\n\t\t\t\t<\/div>\n\t\t\t\t<div class=\"elementor-element elementor-element-c8908aa elementor-widget elementor-widget-heading\" data-id=\"c8908aa\" data-element_type=\"widget\" data-widget_type=\"heading.default\">\n\t\t\t\t<div class=\"elementor-widget-container\">\n\t\t\t<h2 class=\"elementor-heading-title elementor-size-default\"><a href=\"https:\/\/tzar.be\/fr\/portfolio\/evenements-institutionnels\/\">\u00c9v\u00e9nements institutionnels<\/a><\/h2>\t\t<\/div>\n\t\t\t\t<\/div>\n\t\t\t\t\t<\/div>\n\t\t<\/div>\n\t\t\t\t<div class=\"has_eae_slider elementor-column elementor-col-33 elementor-top-column elementor-element elementor-element-4a20d69\" data-eae-slider=\"43014\" data-id=\"4a20d69\" data-element_type=\"column\">\n\t\t\t<div class=\"elementor-widget-wrap elementor-element-populated\">\n\t\t\t\t\t\t<div class=\"elementor-element elementor-element-d88ce9c elementor-widget elementor-widget-image\" data-id=\"d88ce9c\" data-element_type=\"widget\" data-widget_type=\"image.default\">\n\t\t\t\t<div class=\"elementor-widget-container\">\n\t\t\t\t\t\t\t\t\t\t\t\t\t\t<a href=\"https:\/\/tzar.be\/fr\/portfolio\/evenements-publics\/\">\n\t\t\t\t\t\t\t<img loading=\"lazy\" decoding=\"async\" width=\"1024\" height=\"931\" src=\"https:\/\/tzar.be\/wp-content\/uploads\/2020\/11\/Public-event-1-Cover-Diamant-1024x931.jpg\" class=\"attachment-large size-large wp-image-2852\" alt=\"\u00c9v\u00e9nements publics | Tzar\" srcset=\"https:\/\/tzar.be\/wp-content\/uploads\/2020\/11\/Public-event-1-Cover-Diamant-1024x931.jpg 1024w, https:\/\/tzar.be\/wp-content\/uploads\/2020\/11\/Public-event-1-Cover-Diamant-300x273.jpg 300w, https:\/\/tzar.be\/wp-content\/uploads\/2020\/11\/Public-event-1-Cover-Diamant-768x698.jpg 768w, https:\/\/tzar.be\/wp-content\/uploads\/2020\/11\/Public-event-1-Cover-Diamant-375x340.jpg 375w, https:\/\/tzar.be\/wp-content\/uploads\/2020\/11\/Public-event-1-Cover-Diamant.jpg 1210w\" sizes=\"(max-width: 1024px) 100vw, 1024px\" \/>\t\t\t\t\t\t\t\t<\/a>\n\t\t\t\t\t\t\t\t\t\t\t\t\t<\/div>\n\t\t\t\t<\/div>\n\t\t\t\t<div class=\"elementor-element elementor-element-fcf0b35 elementor-widget elementor-widget-heading\" data-id=\"fcf0b35\" data-element_type=\"widget\" data-widget_type=\"heading.default\">\n\t\t\t\t<div class=\"elementor-widget-container\">\n\t\t\t<h2 class=\"elementor-heading-title elementor-size-default\"><a href=\"https:\/\/tzar.be\/fr\/portfolio\/evenements-publics\/\">\u00c9v\u00e9nements publics<\/a><\/h2>\t\t<\/div>\n\t\t\t\t<\/div>\n\t\t\t\t\t<\/div>\n\t\t<\/div>\n\t\t\t\t<div class=\"has_eae_slider elementor-column elementor-col-33 elementor-top-column elementor-element elementor-element-b028d44\" data-eae-slider=\"97053\" data-id=\"b028d44\" data-element_type=\"column\">\n\t\t\t<div class=\"elementor-widget-wrap elementor-element-populated\">\n\t\t\t\t\t\t<div class=\"elementor-element elementor-element-75d67c3 elementor-widget elementor-widget-image\" data-id=\"75d67c3\" data-element_type=\"widget\" data-widget_type=\"image.default\">\n\t\t\t\t<div class=\"elementor-widget-container\">\n\t\t\t\t\t\t\t\t\t\t\t\t\t\t<a href=\"https:\/\/tzar.be\/fr\/portfolio\/autres-services\/\">\n\t\t\t\t\t\t\t<img loading=\"lazy\" decoding=\"async\" width=\"1024\" height=\"931\" src=\"https:\/\/tzar.be\/wp-content\/uploads\/2020\/11\/other-services-cover-diamant-1024x931.jpg\" class=\"attachment-large size-large wp-image-2850\" alt=\"Autres services | Tzar\" srcset=\"https:\/\/tzar.be\/wp-content\/uploads\/2020\/11\/other-services-cover-diamant-1024x931.jpg 1024w, https:\/\/tzar.be\/wp-content\/uploads\/2020\/11\/other-services-cover-diamant-300x273.jpg 300w, https:\/\/tzar.be\/wp-content\/uploads\/2020\/11\/other-services-cover-diamant-768x698.jpg 768w, https:\/\/tzar.be\/wp-content\/uploads\/2020\/11\/other-services-cover-diamant-375x340.jpg 375w, https:\/\/tzar.be\/wp-content\/uploads\/2020\/11\/other-services-cover-diamant.jpg 1210w\" sizes=\"(max-width: 1024px) 100vw, 1024px\" \/>\t\t\t\t\t\t\t\t<\/a>\n\t\t\t\t\t\t\t\t\t\t\t\t\t<\/div>\n\t\t\t\t<\/div>\n\t\t\t\t<div class=\"elementor-element elementor-element-a8600c5 elementor-widget elementor-widget-heading\" data-id=\"a8600c5\" data-element_type=\"widget\" data-widget_type=\"heading.default\">\n\t\t\t\t<div class=\"elementor-widget-container\">\n\t\t\t<h2 class=\"elementor-heading-title elementor-size-default\"><a href=\"https:\/\/tzar.be\/fr\/portfolio\/autres-services\/\">Autres services<\/a><\/h2>\t\t<\/div>\n\t\t\t\t<\/div>\n\t\t\t\t\t<\/div>\n\t\t<\/div>\n\t\t\t\t\t<\/div>\n\t\t<\/section>\n\t\t\t\t<section class=\"has_eae_slider elementor-section elementor-top-section elementor-element elementor-element-0d14550 elementor-section-full_width elementor-section-height-default elementor-section-height-default\" data-eae-slider=\"55765\" data-id=\"0d14550\" data-element_type=\"section\">\n\t\t\t\t\t\t<div class=\"elementor-container elementor-column-gap-default\">\n\t\t\t\t\t<div class=\"has_eae_slider elementor-column elementor-col-100 elementor-top-column elementor-element elementor-element-a756577\" data-eae-slider=\"38619\" data-id=\"a756577\" data-element_type=\"column\">\n\t\t\t<div class=\"elementor-widget-wrap\">\n\t\t\t\t\t\t\t<\/div>\n\t\t<\/div>\n\t\t\t\t\t<\/div>\n\t\t<\/section>\n\t\t\t\t<\/div>\n\t\t","protected":false},"excerpt":{"rendered":"<p>\u00c9v\u00e9nementiel Votre message ne peut plus attendre et il est pr\u00e9f\u00e9rable de le partager avec un grand nombre de personnes. TZAR rassemble les talents pour cr\u00e9er le concept dont vous et votre entreprise vous souviendrez avec \u00e9motion pendant des ann\u00e9es ! Nous organisons tout type d\u2019\u00e9v\u00e8nement quelle que soit son envergure : un meeting intimiste [&hellip;]<\/p>\n","protected":false},"author":1,"featured_media":0,"parent":0,"menu_order":0,"comment_status":"closed","ping_status":"closed","template":"page-template\/template-fullwidth.php","meta":[],"yoast_head":"<!-- This site is optimized with the Yoast SEO plugin v21.8.1 - https:\/\/yoast.com\/wordpress\/plugins\/seo\/ -->\n<title>\u00c9v\u00e8nements professionnels et corporatifs | TZAR | Agence communication<\/title>\n<meta name=\"description\" content=\"\u00c9v\u00e9nements professionnels, conf\u00e9rences, \u00e9v\u00e9nements publics et institutionnels, f\u00eates du personnel et plus encore. Une \u00e9quipe d\u00e9di\u00e9e organisera pour vous tout le processus.\" \/>\n<meta name=\"robots\" content=\"index, follow, max-snippet:-1, max-image-preview:large, max-video-preview:-1\" \/>\n<link rel=\"canonical\" href=\"https:\/\/tzar.be\/fr\/evenementiel\/\" \/>\n<meta property=\"og:locale\" content=\"fr_FR\" \/>\n<meta property=\"og:type\" content=\"article\" \/>\n<meta property=\"og:title\" content=\"\u00c9v\u00e9nements professionnels et corporatifs - TZAR | Agence de communication\" \/>\n<meta property=\"og:description\" content=\"\u00c9v\u00e9nements professionnels, conf\u00e9rences, \u00e9v\u00e9nements publics et institutionnels, f\u00eates du personnel et plus encore ! Une \u00e9quipe d\u00e9di\u00e9e organisera pour vous tout le processus.\" \/>\n<meta property=\"og:url\" content=\"https:\/\/tzar.be\/fr\/evenementiel\/\" \/>\n<meta property=\"og:site_name\" content=\"TZAR\" \/>\n<meta property=\"article:publisher\" content=\"https:\/\/www.facebook.com\/tzar.be\/\" \/>\n<meta property=\"article:modified_time\" content=\"2021-04-29T08:26:06+00:00\" \/>\n<meta property=\"og:image\" content=\"https:\/\/tzar.be\/wp-content\/uploads\/2020\/11\/Business-event-1-cover-diamant-1024x931.jpg\" \/>\n<meta name=\"twitter:card\" content=\"summary_large_image\" \/>\n<meta name=\"twitter:label1\" content=\"Dur\u00e9e de lecture est.\" \/>\n\t<meta name=\"twitter:data1\" content=\"2 minutes\" \/>\n<script type=\"application\/ld+json\" class=\"yoast-schema-graph\">{\"@context\":\"https:\/\/schema.org\",\"@graph\":[{\"@type\":\"WebPage\",\"@id\":\"https:\/\/tzar.be\/fr\/evenementiel\/\",\"url\":\"https:\/\/tzar.be\/fr\/evenementiel\/\",\"name\":\"\u00c9v\u00e8nements professionnels et corporatifs | TZAR | Agence communication\",\"isPartOf\":{\"@id\":\"https:\/\/tzar.be\/fr\/#website\"},\"datePublished\":\"2021-01-08T14:06:02+00:00\",\"dateModified\":\"2021-04-29T08:26:06+00:00\",\"description\":\"\u00c9v\u00e9nements professionnels, conf\u00e9rences, \u00e9v\u00e9nements publics et institutionnels, f\u00eates du personnel et plus encore. Une \u00e9quipe d\u00e9di\u00e9e organisera pour vous tout le processus.\",\"breadcrumb\":{\"@id\":\"https:\/\/tzar.be\/fr\/evenementiel\/#breadcrumb\"},\"inLanguage\":\"fr-BE\",\"potentialAction\":[{\"@type\":\"ReadAction\",\"target\":[\"https:\/\/tzar.be\/fr\/evenementiel\/\"]}]},{\"@type\":\"BreadcrumbList\",\"@id\":\"https:\/\/tzar.be\/fr\/evenementiel\/#breadcrumb\",\"itemListElement\":[{\"@type\":\"ListItem\",\"position\":1,\"name\":\"Home\",\"item\":\"https:\/\/tzar.be\/fr\/\"},{\"@type\":\"ListItem\",\"position\":2,\"name\":\"\u00c9v\u00e9nementiel\"}]},{\"@type\":\"WebSite\",\"@id\":\"https:\/\/tzar.be\/fr\/#website\",\"url\":\"https:\/\/tzar.be\/fr\/\",\"name\":\"TZAR\",\"description\":\"Marketing &amp; Business Events\",\"publisher\":{\"@id\":\"https:\/\/tzar.be\/fr\/#organization\"},\"potentialAction\":[{\"@type\":\"SearchAction\",\"target\":{\"@type\":\"EntryPoint\",\"urlTemplate\":\"https:\/\/tzar.be\/fr\/?s={search_term_string}\"},\"query-input\":\"required name=search_term_string\"}],\"inLanguage\":\"fr-BE\"},{\"@type\":\"Organization\",\"@id\":\"https:\/\/tzar.be\/fr\/#organization\",\"name\":\"Tzar\",\"url\":\"https:\/\/tzar.be\/fr\/\",\"logo\":{\"@type\":\"ImageObject\",\"inLanguage\":\"fr-BE\",\"@id\":\"https:\/\/tzar.be\/fr\/#\/schema\/logo\/image\/\",\"url\":\"https:\/\/tzar.be\/wp-content\/uploads\/2020\/06\/tzar-logo-e1592380497970.png\",\"contentUrl\":\"https:\/\/tzar.be\/wp-content\/uploads\/2020\/06\/tzar-logo-e1592380497970.png\",\"width\":357,\"height\":174,\"caption\":\"Tzar\"},\"image\":{\"@id\":\"https:\/\/tzar.be\/fr\/#\/schema\/logo\/image\/\"},\"sameAs\":[\"https:\/\/www.facebook.com\/tzar.be\/\",\"https:\/\/www.instagram.com\/TZARcommunication\/\",\"https:\/\/www.linkedin.com\/company\/tzar\/\"]}]}<\/script>\n<!-- \/ Yoast SEO plugin. -->","yoast_head_json":{"title":"\u00c9v\u00e8nements professionnels et corporatifs | TZAR | Agence communication","description":"\u00c9v\u00e9nements professionnels, conf\u00e9rences, \u00e9v\u00e9nements publics et institutionnels, f\u00eates du personnel et plus encore. Une \u00e9quipe d\u00e9di\u00e9e organisera pour vous tout le processus.","robots":{"index":"index","follow":"follow","max-snippet":"max-snippet:-1","max-image-preview":"max-image-preview:large","max-video-preview":"max-video-preview:-1"},"canonical":"https:\/\/tzar.be\/fr\/evenementiel\/","og_locale":"fr_FR","og_type":"article","og_title":"\u00c9v\u00e9nements professionnels et corporatifs - TZAR | Agence de communication","og_description":"\u00c9v\u00e9nements professionnels, conf\u00e9rences, \u00e9v\u00e9nements publics et institutionnels, f\u00eates du personnel et plus encore ! Une \u00e9quipe d\u00e9di\u00e9e organisera pour vous tout le processus.","og_url":"https:\/\/tzar.be\/fr\/evenementiel\/","og_site_name":"TZAR","article_publisher":"https:\/\/www.facebook.com\/tzar.be\/","article_modified_time":"2021-04-29T08:26:06+00:00","og_image":[{"url":"https:\/\/tzar.be\/wp-content\/uploads\/2020\/11\/Business-event-1-cover-diamant-1024x931.jpg"}],"twitter_card":"summary_large_image","twitter_misc":{"Dur\u00e9e de lecture est.":"2 minutes"},"schema":{"@context":"https:\/\/schema.org","@graph":[{"@type":"WebPage","@id":"https:\/\/tzar.be\/fr\/evenementiel\/","url":"https:\/\/tzar.be\/fr\/evenementiel\/","name":"\u00c9v\u00e8nements professionnels et corporatifs | TZAR | Agence communication","isPartOf":{"@id":"https:\/\/tzar.be\/fr\/#website"},"datePublished":"2021-01-08T14:06:02+00:00","dateModified":"2021-04-29T08:26:06+00:00","description":"\u00c9v\u00e9nements professionnels, conf\u00e9rences, \u00e9v\u00e9nements publics et institutionnels, f\u00eates du personnel et plus encore. Une \u00e9quipe d\u00e9di\u00e9e organisera pour vous tout le processus.","breadcrumb":{"@id":"https:\/\/tzar.be\/fr\/evenementiel\/#breadcrumb"},"inLanguage":"fr-BE","potentialAction":[{"@type":"ReadAction","target":["https:\/\/tzar.be\/fr\/evenementiel\/"]}]},{"@type":"BreadcrumbList","@id":"https:\/\/tzar.be\/fr\/evenementiel\/#breadcrumb","itemListElement":[{"@type":"ListItem","position":1,"name":"Home","item":"https:\/\/tzar.be\/fr\/"},{"@type":"ListItem","position":2,"name":"\u00c9v\u00e9nementiel"}]},{"@type":"WebSite","@id":"https:\/\/tzar.be\/fr\/#website","url":"https:\/\/tzar.be\/fr\/","name":"TZAR","description":"Marketing &amp; Business Events","publisher":{"@id":"https:\/\/tzar.be\/fr\/#organization"},"potentialAction":[{"@type":"SearchAction","target":{"@type":"EntryPoint","urlTemplate":"https:\/\/tzar.be\/fr\/?s={search_term_string}"},"query-input":"required name=search_term_string"}],"inLanguage":"fr-BE"},{"@type":"Organization","@id":"https:\/\/tzar.be\/fr\/#organization","name":"Tzar","url":"https:\/\/tzar.be\/fr\/","logo":{"@type":"ImageObject","inLanguage":"fr-BE","@id":"https:\/\/tzar.be\/fr\/#\/schema\/logo\/image\/","url":"https:\/\/tzar.be\/wp-content\/uploads\/2020\/06\/tzar-logo-e1592380497970.png","contentUrl":"https:\/\/tzar.be\/wp-content\/uploads\/2020\/06\/tzar-logo-e1592380497970.png","width":357,"height":174,"caption":"Tzar"},"image":{"@id":"https:\/\/tzar.be\/fr\/#\/schema\/logo\/image\/"},"sameAs":["https:\/\/www.facebook.com\/tzar.be\/","https:\/\/www.instagram.com\/TZARcommunication\/","https:\/\/www.linkedin.com\/company\/tzar\/"]}]}},"_links":{"self":[{"href":"https:\/\/tzar.be\/fr\/wp-json\/wp\/v2\/pages\/2848"}],"collection":[{"href":"https:\/\/tzar.be\/fr\/wp-json\/wp\/v2\/pages"}],"about":[{"href":"https:\/\/tzar.be\/fr\/wp-json\/wp\/v2\/types\/page"}],"author":[{"embeddable":true,"href":"https:\/\/tzar.be\/fr\/wp-json\/wp\/v2\/users\/1"}],"replies":[{"embeddable":true,"href":"https:\/\/tzar.be\/fr\/wp-json\/wp\/v2\/comments?post=2848"}],"version-history":[{"count":5,"href":"https:\/\/tzar.be\/fr\/wp-json\/wp\/v2\/pages\/2848\/revisions"}],"predecessor-version":[{"id":3836,"href":"https:\/\/tzar.be\/fr\/wp-json\/wp\/v2\/pages\/2848\/revisions\/3836"}],"wp:attachment":[{"href":"https:\/\/tzar.be\/fr\/wp-json\/wp\/v2\/media?parent=2848"}],"curies":[{"name":"wp","href":"https:\/\/api.w.org\/{rel}","templated":true}]}}