{"id":2730,"date":"2021-01-08T12:43:55","date_gmt":"2021-01-08T12:43:55","guid":{"rendered":"https:\/\/tzar.be\/design\/"},"modified":"2021-04-29T08:15:57","modified_gmt":"2021-04-29T08:15:57","slug":"design","status":"publish","type":"page","link":"https:\/\/tzar.be\/fr\/design\/","title":{"rendered":"Design"},"content":{"rendered":"\t\t<div data-elementor-type=\"wp-post\" data-elementor-id=\"2730\" class=\"elementor elementor-2730 elementor-732\">\n\t\t\t\t\t\t<section class=\"has_eae_slider elementor-section elementor-top-section elementor-element elementor-element-8becf72 elementor-section-boxed elementor-section-height-default elementor-section-height-default\" data-eae-slider=\"5548\" data-id=\"8becf72\" data-element_type=\"section\">\n\t\t\t\t\t\t<div class=\"elementor-container elementor-column-gap-default\">\n\t\t\t\t\t<div class=\"has_eae_slider elementor-column elementor-col-100 elementor-top-column elementor-element elementor-element-85912c7\" data-eae-slider=\"28656\" data-id=\"85912c7\" data-element_type=\"column\">\n\t\t\t<div class=\"elementor-widget-wrap elementor-element-populated\">\n\t\t\t\t\t\t<div class=\"elementor-element elementor-element-f0c118f elementor-widget elementor-widget-heading\" data-id=\"f0c118f\" data-element_type=\"widget\" data-widget_type=\"heading.default\">\n\t\t\t\t<div class=\"elementor-widget-container\">\n\t\t\t<h2 class=\"elementor-heading-title elementor-size-default\">Le branding n'est pas qu'un design visuel.<\/h2>\t\t<\/div>\n\t\t\t\t<\/div>\n\t\t\t\t<div class=\"elementor-element elementor-element-8bdb32b elementor-widget elementor-widget-text-editor\" data-id=\"8bdb32b\" data-element_type=\"widget\" data-widget_type=\"text-editor.default\">\n\t\t\t\t<div class=\"elementor-widget-container\">\n\t\t\t\t\t\t\t<p>Le pouvoir du design de marque est de <b>communiquer sans mots.<\/b> Votre marque restera pr\u00e9sente dans l&#8217;esprit des clients gr\u00e2ce \u00e0 un seul et unique design pr\u00e9sent sur tous vos supports et outils : du logo \u00e0 la newsletter, du mur promotionnel, un visuel sur toile tendue, \u00e0 la conception web. Nos designers exp\u00e9riment\u00e9s s\u2019att\u00e8lent \u00e0 cr\u00e9er l<b>e design parfait<\/b>qui fera briller votre marque, tout en respectant votre corporate branding. Int\u00e9grer les valeurs de votre entreprise dans le logo de la marque est un art.&nbsp;<\/p>\n<p>Un bon design de marque est important car il permet \u00e0 votre entreprise de s&#8217;exprimer et de stimuler sa croissance et notori\u00e9t\u00e9. <b>Actualiser votre design de marque met votre entreprise \u00e0 l\u2019abri du temps.<\/b> Une \u00e9tape parfois difficile \u00e0 franchir. Chez TZAR, nous aimons vous guider \u00e0 chaque \u00e9tape du processus : l\u2019examen de votre logo actuel, la mise en \u00e9vidence des valeurs de votre marque et leur transposition dans un design de <b>marque unique<\/b> offrant \u00e0 votre entreprise toutes les chances de prosp\u00e9rer.<\/p><\/p>\n\t\t\t\t\t\t<\/div>\n\t\t\t\t<\/div>\n\t\t\t\t\t<\/div>\n\t\t<\/div>\n\t\t\t\t\t<\/div>\n\t\t<\/section>\n\t\t\t\t<section class=\"has_eae_slider elementor-section elementor-top-section elementor-element elementor-element-7a09fba elementor-section-boxed elementor-section-height-default elementor-section-height-default\" data-eae-slider=\"37985\" data-id=\"7a09fba\" data-element_type=\"section\">\n\t\t\t\t\t\t<div class=\"elementor-container elementor-column-gap-default\">\n\t\t\t\t\t<div data-wts-url=\"https:\/\/tzar.be\/fr\/strategie-de-marque\/\" data-wts-link=\"yes\" data-wts-new-window=\"\" class=\"has_eae_slider elementor-column elementor-col-33 elementor-top-column elementor-element elementor-element-dbeee42 ae-link-yes\" data-eae-slider=\"56409\" data-id=\"dbeee42\" data-element_type=\"column\">\n\t\t\t<div class=\"elementor-widget-wrap elementor-element-populated\">\n\t\t\t\t\t\t<div class=\"elementor-element elementor-element-44a8e73 elementor-widget elementor-widget-image\" data-id=\"44a8e73\" data-element_type=\"widget\" data-widget_type=\"image.default\">\n\t\t\t\t<div class=\"elementor-widget-container\">\n\t\t\t\t\t\t\t\t\t\t\t\t\t\t<a href=\"https:\/\/tzar.be\/fr\/strategie-de-marque\/\">\n\t\t\t\t\t\t\t<img fetchpriority=\"high\" decoding=\"async\" width=\"1024\" height=\"640\" src=\"https:\/\/tzar.be\/wp-content\/uploads\/2020\/11\/1-Brand-Strategy-Cover-1024x640.jpg\" class=\"attachment-large size-large wp-image-2732\" alt=\"Strat\u00e9gie de marque | Tzar\" srcset=\"https:\/\/tzar.be\/wp-content\/uploads\/2020\/11\/1-Brand-Strategy-Cover-1024x640.jpg 1024w, https:\/\/tzar.be\/wp-content\/uploads\/2020\/11\/1-Brand-Strategy-Cover-300x188.jpg 300w, https:\/\/tzar.be\/wp-content\/uploads\/2020\/11\/1-Brand-Strategy-Cover-768x480.jpg 768w, https:\/\/tzar.be\/wp-content\/uploads\/2020\/11\/1-Brand-Strategy-Cover-800x500.jpg 800w, https:\/\/tzar.be\/wp-content\/uploads\/2020\/11\/1-Brand-Strategy-Cover.jpg 1280w\" sizes=\"(max-width: 1024px) 100vw, 1024px\" \/>\t\t\t\t\t\t\t\t<\/a>\n\t\t\t\t\t\t\t\t\t\t\t\t\t<\/div>\n\t\t\t\t<\/div>\n\t\t\t\t<div class=\"elementor-element elementor-element-e7189f9 elementor-widget elementor-widget-heading\" data-id=\"e7189f9\" data-element_type=\"widget\" data-widget_type=\"heading.default\">\n\t\t\t\t<div class=\"elementor-widget-container\">\n\t\t\t<h2 class=\"elementor-heading-title elementor-size-default\"><a href=\"https:\/\/tzar.be\/fr\/strategie-de-marque\/\">Strat\u00e9gie de marque<\/a><\/h2>\t\t<\/div>\n\t\t\t\t<\/div>\n\t\t\t\t\t<\/div>\n\t\t<\/div>\n\t\t\t\t<div data-wts-url=\"http:\/\/tzar.be\/portfolio\/fr\/design-de-marque\/\" data-wts-link=\"yes\" data-wts-new-window=\"\" class=\"has_eae_slider elementor-column elementor-col-33 elementor-top-column elementor-element elementor-element-92289d9 ae-link-yes\" data-eae-slider=\"65861\" data-id=\"92289d9\" data-element_type=\"column\">\n\t\t\t<div class=\"elementor-widget-wrap elementor-element-populated\">\n\t\t\t\t\t\t<div class=\"elementor-element elementor-element-73f9dfa elementor-widget elementor-widget-image\" data-id=\"73f9dfa\" data-element_type=\"widget\" data-widget_type=\"image.default\">\n\t\t\t\t<div class=\"elementor-widget-container\">\n\t\t\t\t\t\t\t\t\t\t\t\t\t\t<a href=\"http:\/\/tzar.be\/portfolio\/fr\/design-de-marque\/\">\n\t\t\t\t\t\t\t<img decoding=\"async\" width=\"1024\" height=\"640\" src=\"https:\/\/tzar.be\/wp-content\/uploads\/2020\/11\/2-Brand-Design-Cover-1-1024x640.jpg\" class=\"attachment-large size-large wp-image-2734\" alt=\"design de marque | Tzar\" srcset=\"https:\/\/tzar.be\/wp-content\/uploads\/2020\/11\/2-Brand-Design-Cover-1-1024x640.jpg 1024w, https:\/\/tzar.be\/wp-content\/uploads\/2020\/11\/2-Brand-Design-Cover-1-300x188.jpg 300w, https:\/\/tzar.be\/wp-content\/uploads\/2020\/11\/2-Brand-Design-Cover-1-768x480.jpg 768w, https:\/\/tzar.be\/wp-content\/uploads\/2020\/11\/2-Brand-Design-Cover-1.jpg 1280w\" sizes=\"(max-width: 1024px) 100vw, 1024px\" \/>\t\t\t\t\t\t\t\t<\/a>\n\t\t\t\t\t\t\t\t\t\t\t\t\t<\/div>\n\t\t\t\t<\/div>\n\t\t\t\t<div class=\"elementor-element elementor-element-73c4924 elementor-widget elementor-widget-heading\" data-id=\"73c4924\" data-element_type=\"widget\" data-widget_type=\"heading.default\">\n\t\t\t\t<div class=\"elementor-widget-container\">\n\t\t\t<h2 class=\"elementor-heading-title elementor-size-default\"><a href=\"http:\/\/tzar.be\/portfolio\/fr\/design-de-marque\/\">Design de marque<\/a><\/h2>\t\t<\/div>\n\t\t\t\t<\/div>\n\t\t\t\t\t<\/div>\n\t\t<\/div>\n\t\t\t\t<div data-wts-url=\"http:\/\/tzar.be\/portfolio\/fr\/design-graphique\/\" data-wts-link=\"yes\" data-wts-new-window=\"\" class=\"has_eae_slider elementor-column elementor-col-33 elementor-top-column elementor-element elementor-element-c9ef4c6 ae-link-yes\" data-eae-slider=\"73179\" data-id=\"c9ef4c6\" data-element_type=\"column\">\n\t\t\t<div class=\"elementor-widget-wrap elementor-element-populated\">\n\t\t\t\t\t\t<div class=\"elementor-element elementor-element-5c4ffae elementor-widget elementor-widget-image\" data-id=\"5c4ffae\" data-element_type=\"widget\" data-widget_type=\"image.default\">\n\t\t\t\t<div class=\"elementor-widget-container\">\n\t\t\t\t\t\t\t\t\t\t\t\t\t\t<a href=\"http:\/\/tzar.be\/portfolio\/fr\/design-graphique\/\">\n\t\t\t\t\t\t\t<img decoding=\"async\" width=\"1024\" height=\"640\" src=\"https:\/\/tzar.be\/wp-content\/uploads\/2020\/11\/3-Graphic-Design-Cover-1024x640.jpg\" class=\"attachment-large size-large wp-image-2736\" alt=\"Design graphique| Tzar\" srcset=\"https:\/\/tzar.be\/wp-content\/uploads\/2020\/11\/3-Graphic-Design-Cover-1024x640.jpg 1024w, https:\/\/tzar.be\/wp-content\/uploads\/2020\/11\/3-Graphic-Design-Cover-300x188.jpg 300w, https:\/\/tzar.be\/wp-content\/uploads\/2020\/11\/3-Graphic-Design-Cover-768x480.jpg 768w, https:\/\/tzar.be\/wp-content\/uploads\/2020\/11\/3-Graphic-Design-Cover.jpg 1280w\" sizes=\"(max-width: 1024px) 100vw, 1024px\" \/>\t\t\t\t\t\t\t\t<\/a>\n\t\t\t\t\t\t\t\t\t\t\t\t\t<\/div>\n\t\t\t\t<\/div>\n\t\t\t\t<div class=\"elementor-element elementor-element-9cabc50 elementor-widget elementor-widget-heading\" data-id=\"9cabc50\" data-element_type=\"widget\" data-widget_type=\"heading.default\">\n\t\t\t\t<div class=\"elementor-widget-container\">\n\t\t\t<h2 class=\"elementor-heading-title elementor-size-default\"><a href=\"http:\/\/tzar.be\/portfolio\/fr\/design-graphique\/\">Conception graphique<\/a><\/h2>\t\t<\/div>\n\t\t\t\t<\/div>\n\t\t\t\t\t<\/div>\n\t\t<\/div>\n\t\t\t\t\t<\/div>\n\t\t<\/section>\n\t\t\t\t<section class=\"has_eae_slider elementor-section elementor-top-section elementor-element elementor-element-9354b4c elementor-section-boxed elementor-section-height-default elementor-section-height-default\" data-eae-slider=\"11774\" data-id=\"9354b4c\" data-element_type=\"section\">\n\t\t\t\t\t\t<div class=\"elementor-container elementor-column-gap-default\">\n\t\t\t\t\t<div data-wts-url=\"https:\/\/tzar.be\/fr\/portfolio\/conception-digitale\/\" data-wts-link=\"yes\" data-wts-new-window=\"\" class=\"has_eae_slider elementor-column elementor-col-33 elementor-top-column elementor-element elementor-element-b392b9c ae-link-yes\" data-eae-slider=\"35822\" data-id=\"b392b9c\" data-element_type=\"column\">\n\t\t\t<div class=\"elementor-widget-wrap elementor-element-populated\">\n\t\t\t\t\t\t<div class=\"elementor-element elementor-element-75f0d0f elementor-widget elementor-widget-image\" data-id=\"75f0d0f\" data-element_type=\"widget\" data-widget_type=\"image.default\">\n\t\t\t\t<div class=\"elementor-widget-container\">\n\t\t\t\t\t\t\t\t\t\t\t\t\t\t<a href=\"https:\/\/tzar.be\/fr\/portfolio\/conception-digitale\/\">\n\t\t\t\t\t\t\t<img loading=\"lazy\" decoding=\"async\" width=\"1024\" height=\"640\" src=\"https:\/\/tzar.be\/wp-content\/uploads\/2020\/11\/TZAR-website-DESIGN-pict-4-1024x640.jpg\" class=\"attachment-large size-large wp-image-2738\" alt=\"Digital | Tzar\" srcset=\"https:\/\/tzar.be\/wp-content\/uploads\/2020\/11\/TZAR-website-DESIGN-pict-4-1024x640.jpg 1024w, https:\/\/tzar.be\/wp-content\/uploads\/2020\/11\/TZAR-website-DESIGN-pict-4-300x188.jpg 300w, https:\/\/tzar.be\/wp-content\/uploads\/2020\/11\/TZAR-website-DESIGN-pict-4-768x480.jpg 768w, https:\/\/tzar.be\/wp-content\/uploads\/2020\/11\/TZAR-website-DESIGN-pict-4.jpg 1280w\" sizes=\"(max-width: 1024px) 100vw, 1024px\" \/>\t\t\t\t\t\t\t\t<\/a>\n\t\t\t\t\t\t\t\t\t\t\t\t\t<\/div>\n\t\t\t\t<\/div>\n\t\t\t\t<div class=\"elementor-element elementor-element-2d0f941 elementor-widget elementor-widget-heading\" data-id=\"2d0f941\" data-element_type=\"widget\" data-widget_type=\"heading.default\">\n\t\t\t\t<div class=\"elementor-widget-container\">\n\t\t\t<h2 class=\"elementor-heading-title elementor-size-default\"><a href=\"https:\/\/tzar.be\/fr\/portfolio\/conception-digitale\/\">Conception digitale<\/a><\/h2>\t\t<\/div>\n\t\t\t\t<\/div>\n\t\t\t\t\t<\/div>\n\t\t<\/div>\n\t\t\t\t<div class=\"has_eae_slider elementor-column elementor-col-33 elementor-top-column elementor-element elementor-element-4a20d69\" data-eae-slider=\"73396\" data-id=\"4a20d69\" data-element_type=\"column\">\n\t\t\t<div class=\"elementor-widget-wrap elementor-element-populated\">\n\t\t\t\t\t\t<div class=\"elementor-element elementor-element-d88ce9c elementor-widget elementor-widget-image\" data-id=\"d88ce9c\" data-element_type=\"widget\" data-widget_type=\"image.default\">\n\t\t\t\t<div class=\"elementor-widget-container\">\n\t\t\t\t\t\t\t\t\t\t\t\t\t\t<a href=\"https:\/\/tzar.be\/fr\/portfolio\/identite-conceptuelle\/\">\n\t\t\t\t\t\t\t<img loading=\"lazy\" decoding=\"async\" width=\"1024\" height=\"640\" src=\"https:\/\/tzar.be\/wp-content\/uploads\/2020\/11\/5-Brand-Activation-1024x640.jpg\" class=\"attachment-large size-large wp-image-2740\" alt=\"Activation de la marque | Tzar\" srcset=\"https:\/\/tzar.be\/wp-content\/uploads\/2020\/11\/5-Brand-Activation-1024x640.jpg 1024w, https:\/\/tzar.be\/wp-content\/uploads\/2020\/11\/5-Brand-Activation-300x188.jpg 300w, https:\/\/tzar.be\/wp-content\/uploads\/2020\/11\/5-Brand-Activation-768x480.jpg 768w, https:\/\/tzar.be\/wp-content\/uploads\/2020\/11\/5-Brand-Activation.jpg 1280w\" sizes=\"(max-width: 1024px) 100vw, 1024px\" \/>\t\t\t\t\t\t\t\t<\/a>\n\t\t\t\t\t\t\t\t\t\t\t\t\t<\/div>\n\t\t\t\t<\/div>\n\t\t\t\t<div class=\"elementor-element elementor-element-0d07be6 elementor-widget elementor-widget-heading\" data-id=\"0d07be6\" data-element_type=\"widget\" data-widget_type=\"heading.default\">\n\t\t\t\t<div class=\"elementor-widget-container\">\n\t\t\t<h2 class=\"elementor-heading-title elementor-size-default\"><a href=\"https:\/\/tzar.be\/fr\/portfolio\/activation-de-la-marque\/\">Activation de marque<\/a><\/h2>\t\t<\/div>\n\t\t\t\t<\/div>\n\t\t\t\t\t<\/div>\n\t\t<\/div>\n\t\t\t\t<div class=\"has_eae_slider elementor-column elementor-col-33 elementor-top-column elementor-element elementor-element-b028d44\" data-eae-slider=\"33303\" data-id=\"b028d44\" data-element_type=\"column\">\n\t\t\t<div class=\"elementor-widget-wrap elementor-element-populated\">\n\t\t\t\t\t\t<div class=\"elementor-element elementor-element-75d67c3 elementor-widget elementor-widget-image\" data-id=\"75d67c3\" data-element_type=\"widget\" data-widget_type=\"image.default\">\n\t\t\t\t<div class=\"elementor-widget-container\">\n\t\t\t\t\t\t\t\t\t\t\t\t\t\t<a href=\"https:\/\/tzar.be\/fr\/portfolio\/identite-conceptuelle\/\">\n\t\t\t\t\t\t\t<img loading=\"lazy\" decoding=\"async\" width=\"1024\" height=\"640\" src=\"https:\/\/tzar.be\/wp-content\/uploads\/2020\/11\/6-Concept-Identity-Cover-1024x640.jpg\" class=\"attachment-large size-large wp-image-2742\" alt=\"Concept d&#039;identit\u00e9 de marque | Tzar\" srcset=\"https:\/\/tzar.be\/wp-content\/uploads\/2020\/11\/6-Concept-Identity-Cover-1024x640.jpg 1024w, https:\/\/tzar.be\/wp-content\/uploads\/2020\/11\/6-Concept-Identity-Cover-300x188.jpg 300w, https:\/\/tzar.be\/wp-content\/uploads\/2020\/11\/6-Concept-Identity-Cover-768x480.jpg 768w, https:\/\/tzar.be\/wp-content\/uploads\/2020\/11\/6-Concept-Identity-Cover.jpg 1280w\" sizes=\"(max-width: 1024px) 100vw, 1024px\" \/>\t\t\t\t\t\t\t\t<\/a>\n\t\t\t\t\t\t\t\t\t\t\t\t\t<\/div>\n\t\t\t\t<\/div>\n\t\t\t\t<div class=\"elementor-element elementor-element-cf7d530 elementor-widget elementor-widget-heading\" data-id=\"cf7d530\" data-element_type=\"widget\" data-widget_type=\"heading.default\">\n\t\t\t\t<div class=\"elementor-widget-container\">\n\t\t\t<h2 class=\"elementor-heading-title elementor-size-default\"><a href=\"https:\/\/tzar.be\/fr\/portfolio\/identite-conceptuelle\/\">Concept Mood<\/a><\/h2>\t\t<\/div>\n\t\t\t\t<\/div>\n\t\t\t\t\t<\/div>\n\t\t<\/div>\n\t\t\t\t\t<\/div>\n\t\t<\/section>\n\t\t\t\t<section class=\"has_eae_slider elementor-section elementor-top-section elementor-element elementor-element-7f20b61a elementor-section-content-middle elementor-section-stretched elementor-section-full_width elementor-section-height-min-height elementor-section-height-default elementor-section-items-middle\" data-eae-slider=\"9379\" data-id=\"7f20b61a\" data-element_type=\"section\" data-settings=\"{&quot;background_background&quot;:&quot;classic&quot;,&quot;stretch_section&quot;:&quot;section-stretched&quot;}\">\n\t\t\t\t\t\t<div class=\"elementor-container elementor-column-gap-narrow\">\n\t\t\t\t\t<div class=\"has_eae_slider elementor-column elementor-col-100 elementor-top-column elementor-element elementor-element-3596ba3f\" data-eae-slider=\"26779\" data-id=\"3596ba3f\" data-element_type=\"column\">\n\t\t\t<div class=\"elementor-widget-wrap elementor-element-populated\">\n\t\t\t\t\t\t<div class=\"elementor-element elementor-element-6bd7847b elementor-widget elementor-widget-heading\" data-id=\"6bd7847b\" data-element_type=\"widget\" data-widget_type=\"heading.default\">\n\t\t\t\t<div class=\"elementor-widget-container\">\n\t\t\t<h4 class=\"elementor-heading-title elementor-size-default\">D\u00e9veloppons ensemble votre entreprise. <br>Votre message ne peut plus attendre.<\/h4>\t\t<\/div>\n\t\t\t\t<\/div>\n\t\t\t\t<div class=\"elementor-element elementor-element-77642495 elementor-align-center elementor-widget elementor-widget-button\" data-id=\"77642495\" data-element_type=\"widget\" data-widget_type=\"button.default\">\n\t\t\t\t<div class=\"elementor-widget-container\">\n\t\t\t\t\t<div class=\"elementor-button-wrapper\">\n\t\t\t<a class=\"elementor-button elementor-button-link elementor-size-sm elementor-animation-grow\" href=\"http:\/\/tzar.be\/contact\/\">\n\t\t\t\t\t\t<span class=\"elementor-button-content-wrapper\">\n\t\t\t\t\t\t\t\t\t<span class=\"elementor-button-text\">Contactez-nous<\/span>\n\t\t\t\t\t<\/span>\n\t\t\t\t\t<\/a>\n\t\t<\/div>\n\t\t\t\t<\/div>\n\t\t\t\t<\/div>\n\t\t\t\t\t<\/div>\n\t\t<\/div>\n\t\t\t\t\t<\/div>\n\t\t<\/section>\n\t\t\t\t<section class=\"has_eae_slider elementor-section elementor-top-section elementor-element elementor-element-78381cb elementor-section-boxed elementor-section-height-default elementor-section-height-default\" data-eae-slider=\"90009\" data-id=\"78381cb\" data-element_type=\"section\">\n\t\t\t\t\t\t<div class=\"elementor-container elementor-column-gap-default\">\n\t\t\t\t\t<div class=\"has_eae_slider elementor-column elementor-col-100 elementor-top-column elementor-element elementor-element-40c5ee0\" data-eae-slider=\"66167\" data-id=\"40c5ee0\" data-element_type=\"column\">\n\t\t\t<div class=\"elementor-widget-wrap\">\n\t\t\t\t\t\t\t<\/div>\n\t\t<\/div>\n\t\t\t\t\t<\/div>\n\t\t<\/section>\n\t\t\t\t<\/div>\n\t\t","protected":false},"excerpt":{"rendered":"<p>Le branding n&#8217;est pas qu&#8217;un design visuel. Le pouvoir du design de marque est de communiquer sans mots. Votre marque restera pr\u00e9sente dans l&#8217;esprit des clients gr\u00e2ce \u00e0 un seul et unique design pr\u00e9sent sur tous vos supports et outils : du logo \u00e0 la newsletter, du mur promotionnel, un visuel sur toile tendue, \u00e0 [&hellip;]<\/p>\n","protected":false},"author":1,"featured_media":0,"parent":0,"menu_order":0,"comment_status":"closed","ping_status":"closed","template":"page-template\/template-fullwidth.php","meta":[],"yoast_head":"<!-- This site is optimized with the Yoast SEO plugin v21.8.1 - https:\/\/yoast.com\/wordpress\/plugins\/seo\/ -->\n<title>Cr\u00e9ez votre marque avec nous | TZAR | Agence de communication<\/title>\n<meta name=\"description\" content=\"Design de marque, design graphique, design num\u00e9rique, ambiance conceptuelle. Le design, c&#039;est tout ce que le client ressent de votre entreprise.\" \/>\n<meta name=\"robots\" content=\"index, follow, max-snippet:-1, max-image-preview:large, max-video-preview:-1\" \/>\n<link rel=\"canonical\" href=\"https:\/\/tzar.be\/fr\/design\/\" \/>\n<meta property=\"og:locale\" content=\"fr_FR\" \/>\n<meta property=\"og:type\" content=\"article\" \/>\n<meta property=\"og:title\" content=\"Cr\u00e9ez votre marque avec nous. Tzar | Agence de communication\" \/>\n<meta property=\"og:description\" content=\"Cr\u00e9ez votre marque avec nous. Design de marque, design graphique, design num\u00e9rique, ambiance conceptuelle ... Le design, c&#039;est tout ce que le client ressent de votre entreprise.\" \/>\n<meta property=\"og:url\" content=\"https:\/\/tzar.be\/fr\/design\/\" \/>\n<meta property=\"og:site_name\" content=\"TZAR\" \/>\n<meta property=\"article:publisher\" content=\"https:\/\/www.facebook.com\/tzar.be\/\" \/>\n<meta property=\"article:modified_time\" content=\"2021-04-29T08:15:57+00:00\" \/>\n<meta property=\"og:image\" content=\"https:\/\/tzar.be\/wp-content\/uploads\/2020\/11\/1-Brand-Strategy-Cover-1024x640.jpg\" \/>\n<meta name=\"twitter:card\" content=\"summary_large_image\" \/>\n<meta name=\"twitter:label1\" content=\"Dur\u00e9e de lecture est.\" \/>\n\t<meta name=\"twitter:data1\" content=\"3 minutes\" \/>\n<script type=\"application\/ld+json\" class=\"yoast-schema-graph\">{\"@context\":\"https:\/\/schema.org\",\"@graph\":[{\"@type\":\"WebPage\",\"@id\":\"https:\/\/tzar.be\/fr\/design\/\",\"url\":\"https:\/\/tzar.be\/fr\/design\/\",\"name\":\"Cr\u00e9ez votre marque avec nous | TZAR | Agence de communication\",\"isPartOf\":{\"@id\":\"https:\/\/tzar.be\/fr\/#website\"},\"datePublished\":\"2021-01-08T12:43:55+00:00\",\"dateModified\":\"2021-04-29T08:15:57+00:00\",\"description\":\"Design de marque, design graphique, design num\u00e9rique, ambiance conceptuelle. Le design, c'est tout ce que le client ressent de votre entreprise.\",\"breadcrumb\":{\"@id\":\"https:\/\/tzar.be\/fr\/design\/#breadcrumb\"},\"inLanguage\":\"fr-BE\",\"potentialAction\":[{\"@type\":\"ReadAction\",\"target\":[\"https:\/\/tzar.be\/fr\/design\/\"]}]},{\"@type\":\"BreadcrumbList\",\"@id\":\"https:\/\/tzar.be\/fr\/design\/#breadcrumb\",\"itemListElement\":[{\"@type\":\"ListItem\",\"position\":1,\"name\":\"Home\",\"item\":\"https:\/\/tzar.be\/fr\/\"},{\"@type\":\"ListItem\",\"position\":2,\"name\":\"Design\"}]},{\"@type\":\"WebSite\",\"@id\":\"https:\/\/tzar.be\/fr\/#website\",\"url\":\"https:\/\/tzar.be\/fr\/\",\"name\":\"TZAR\",\"description\":\"Marketing &amp; Business Events\",\"publisher\":{\"@id\":\"https:\/\/tzar.be\/fr\/#organization\"},\"potentialAction\":[{\"@type\":\"SearchAction\",\"target\":{\"@type\":\"EntryPoint\",\"urlTemplate\":\"https:\/\/tzar.be\/fr\/?s={search_term_string}\"},\"query-input\":\"required name=search_term_string\"}],\"inLanguage\":\"fr-BE\"},{\"@type\":\"Organization\",\"@id\":\"https:\/\/tzar.be\/fr\/#organization\",\"name\":\"Tzar\",\"url\":\"https:\/\/tzar.be\/fr\/\",\"logo\":{\"@type\":\"ImageObject\",\"inLanguage\":\"fr-BE\",\"@id\":\"https:\/\/tzar.be\/fr\/#\/schema\/logo\/image\/\",\"url\":\"https:\/\/tzar.be\/wp-content\/uploads\/2020\/06\/tzar-logo-e1592380497970.png\",\"contentUrl\":\"https:\/\/tzar.be\/wp-content\/uploads\/2020\/06\/tzar-logo-e1592380497970.png\",\"width\":357,\"height\":174,\"caption\":\"Tzar\"},\"image\":{\"@id\":\"https:\/\/tzar.be\/fr\/#\/schema\/logo\/image\/\"},\"sameAs\":[\"https:\/\/www.facebook.com\/tzar.be\/\",\"https:\/\/www.instagram.com\/TZARcommunication\/\",\"https:\/\/www.linkedin.com\/company\/tzar\/\"]}]}<\/script>\n<!-- \/ Yoast SEO plugin. -->","yoast_head_json":{"title":"Cr\u00e9ez votre marque avec nous | TZAR | Agence de communication","description":"Design de marque, design graphique, design num\u00e9rique, ambiance conceptuelle. Le design, c'est tout ce que le client ressent de votre entreprise.","robots":{"index":"index","follow":"follow","max-snippet":"max-snippet:-1","max-image-preview":"max-image-preview:large","max-video-preview":"max-video-preview:-1"},"canonical":"https:\/\/tzar.be\/fr\/design\/","og_locale":"fr_FR","og_type":"article","og_title":"Cr\u00e9ez votre marque avec nous. Tzar | Agence de communication","og_description":"Cr\u00e9ez votre marque avec nous. Design de marque, design graphique, design num\u00e9rique, ambiance conceptuelle ... Le design, c'est tout ce que le client ressent de votre entreprise.","og_url":"https:\/\/tzar.be\/fr\/design\/","og_site_name":"TZAR","article_publisher":"https:\/\/www.facebook.com\/tzar.be\/","article_modified_time":"2021-04-29T08:15:57+00:00","og_image":[{"url":"https:\/\/tzar.be\/wp-content\/uploads\/2020\/11\/1-Brand-Strategy-Cover-1024x640.jpg"}],"twitter_card":"summary_large_image","twitter_misc":{"Dur\u00e9e de lecture est.":"3 minutes"},"schema":{"@context":"https:\/\/schema.org","@graph":[{"@type":"WebPage","@id":"https:\/\/tzar.be\/fr\/design\/","url":"https:\/\/tzar.be\/fr\/design\/","name":"Cr\u00e9ez votre marque avec nous | TZAR | Agence de communication","isPartOf":{"@id":"https:\/\/tzar.be\/fr\/#website"},"datePublished":"2021-01-08T12:43:55+00:00","dateModified":"2021-04-29T08:15:57+00:00","description":"Design de marque, design graphique, design num\u00e9rique, ambiance conceptuelle. Le design, c'est tout ce que le client ressent de votre entreprise.","breadcrumb":{"@id":"https:\/\/tzar.be\/fr\/design\/#breadcrumb"},"inLanguage":"fr-BE","potentialAction":[{"@type":"ReadAction","target":["https:\/\/tzar.be\/fr\/design\/"]}]},{"@type":"BreadcrumbList","@id":"https:\/\/tzar.be\/fr\/design\/#breadcrumb","itemListElement":[{"@type":"ListItem","position":1,"name":"Home","item":"https:\/\/tzar.be\/fr\/"},{"@type":"ListItem","position":2,"name":"Design"}]},{"@type":"WebSite","@id":"https:\/\/tzar.be\/fr\/#website","url":"https:\/\/tzar.be\/fr\/","name":"TZAR","description":"Marketing &amp; Business Events","publisher":{"@id":"https:\/\/tzar.be\/fr\/#organization"},"potentialAction":[{"@type":"SearchAction","target":{"@type":"EntryPoint","urlTemplate":"https:\/\/tzar.be\/fr\/?s={search_term_string}"},"query-input":"required name=search_term_string"}],"inLanguage":"fr-BE"},{"@type":"Organization","@id":"https:\/\/tzar.be\/fr\/#organization","name":"Tzar","url":"https:\/\/tzar.be\/fr\/","logo":{"@type":"ImageObject","inLanguage":"fr-BE","@id":"https:\/\/tzar.be\/fr\/#\/schema\/logo\/image\/","url":"https:\/\/tzar.be\/wp-content\/uploads\/2020\/06\/tzar-logo-e1592380497970.png","contentUrl":"https:\/\/tzar.be\/wp-content\/uploads\/2020\/06\/tzar-logo-e1592380497970.png","width":357,"height":174,"caption":"Tzar"},"image":{"@id":"https:\/\/tzar.be\/fr\/#\/schema\/logo\/image\/"},"sameAs":["https:\/\/www.facebook.com\/tzar.be\/","https:\/\/www.instagram.com\/TZARcommunication\/","https:\/\/www.linkedin.com\/company\/tzar\/"]}]}},"_links":{"self":[{"href":"https:\/\/tzar.be\/fr\/wp-json\/wp\/v2\/pages\/2730"}],"collection":[{"href":"https:\/\/tzar.be\/fr\/wp-json\/wp\/v2\/pages"}],"about":[{"href":"https:\/\/tzar.be\/fr\/wp-json\/wp\/v2\/types\/page"}],"author":[{"embeddable":true,"href":"https:\/\/tzar.be\/fr\/wp-json\/wp\/v2\/users\/1"}],"replies":[{"embeddable":true,"href":"https:\/\/tzar.be\/fr\/wp-json\/wp\/v2\/comments?post=2730"}],"version-history":[{"count":5,"href":"https:\/\/tzar.be\/fr\/wp-json\/wp\/v2\/pages\/2730\/revisions"}],"predecessor-version":[{"id":3834,"href":"https:\/\/tzar.be\/fr\/wp-json\/wp\/v2\/pages\/2730\/revisions\/3834"}],"wp:attachment":[{"href":"https:\/\/tzar.be\/fr\/wp-json\/wp\/v2\/media?parent=2730"}],"curies":[{"name":"wp","href":"https:\/\/api.w.org\/{rel}","templated":true}]}}