{"id":2647,"date":"2020-07-02T13:59:12","date_gmt":"2020-07-02T13:59:12","guid":{"rendered":"https:\/\/tzar.be\/accueil\/"},"modified":"2022-07-15T10:30:38","modified_gmt":"2022-07-15T08:30:38","slug":"home","status":"publish","type":"page","link":"https:\/\/tzar.be\/fr\/","title":{"rendered":"Accueil"},"content":{"rendered":"\t\t<div data-elementor-type=\"wp-page\" data-elementor-id=\"2647\" class=\"elementor elementor-2647 elementor-1589\">\n\t\t\t\t\t\t<section class=\"has_eae_slider elementor-section elementor-top-section elementor-element elementor-element-60e2d4c elementor-section-full_width elementor-section-height-default elementor-section-height-default\" data-eae-slider=\"92332\" data-id=\"60e2d4c\" data-element_type=\"section\">\n\t\t\t\t\t\t<div class=\"elementor-container elementor-column-gap-default\">\n\t\t\t\t\t<div class=\"has_eae_slider elementor-column elementor-col-100 elementor-top-column elementor-element elementor-element-6596053\" data-eae-slider=\"56182\" data-id=\"6596053\" data-element_type=\"column\">\n\t\t\t<div class=\"elementor-widget-wrap\">\n\t\t\t\t\t\t\t<\/div>\n\t\t<\/div>\n\t\t\t\t\t<\/div>\n\t\t<\/section>\n\t\t\t\t<section class=\"has_eae_slider elementor-section elementor-top-section elementor-element elementor-element-ecfe912 elementor-reverse-tablet elementor-reverse-mobile elementor-section-boxed elementor-section-height-default elementor-section-height-default\" data-eae-slider=\"11430\" data-id=\"ecfe912\" data-element_type=\"section\">\n\t\t\t\t\t\t<div class=\"elementor-container elementor-column-gap-default\">\n\t\t\t\t\t<div class=\"has_eae_slider elementor-column elementor-col-50 elementor-top-column elementor-element elementor-element-ee4bad1\" data-eae-slider=\"99589\" data-id=\"ee4bad1\" data-element_type=\"column\" data-settings=\"{&quot;background_background&quot;:&quot;classic&quot;}\">\n\t\t\t<div class=\"elementor-widget-wrap elementor-element-populated\">\n\t\t\t\t\t\t<div class=\"elementor-element elementor-element-04dccd2 elementor-widget elementor-widget-heading\" data-id=\"04dccd2\" data-element_type=\"widget\" data-widget_type=\"heading.default\">\n\t\t\t\t<div class=\"elementor-widget-container\">\n\t\t\t<h2 class=\"elementor-heading-title elementor-size-default\">La communication est tout. <br\/>Votre message ne peut pas attendre.<\/h2>\t\t<\/div>\n\t\t\t\t<\/div>\n\t\t\t\t\t<\/div>\n\t\t<\/div>\n\t\t\t\t<div class=\"has_eae_slider elementor-column elementor-col-50 elementor-top-column elementor-element elementor-element-2c47074\" data-eae-slider=\"54282\" data-id=\"2c47074\" data-element_type=\"column\">\n\t\t\t<div class=\"elementor-widget-wrap elementor-element-populated\">\n\t\t\t\t\t\t<div class=\"elementor-element elementor-element-155a065 elementor-widget elementor-widget-text-editor\" data-id=\"155a065\" data-element_type=\"widget\" data-widget_type=\"text-editor.default\">\n\t\t\t\t<div class=\"elementor-widget-container\">\n\t\t\t\t\t\t\t<p>TZAR se distingue par une\u00a0<strong>v\u00e9ritable passion<\/strong>\u00a0pour chaque aspect de la communication. Notre \u00e9quipe cr\u00e9ative identifie et\u00a0<strong>formule votre message<\/strong>\u00a0pour le concr\u00e9tiser en un projet sur mesure qui\u00a0<strong>d\u00e9passe vos attentes<\/strong>\u00a0: un plan de communication tr\u00e8s complet ou des outils de communication simples mais\u00a0<strong>parfaitement ex\u00e9cut\u00e9s<\/strong>. La passion et l\u2019exp\u00e9rience de notre agence peuvent v\u00e9ritablement\u00a0<strong>booster vos r\u00e9sultats.<\/strong><br \/><br \/>Notre approche cr\u00e9ative a contribu\u00e9 \u00e0 rendre\u00a0<strong>TZAR unique<\/strong>. Epat\u00e9es par chaque projet r\u00e9alis\u00e9,\u00a0<strong>de grandes entreprises actives \u00e0 l\u2019international nous font confiance.<\/strong>\u00a0Fort de cela, notre \u00e9quipe a acquis une grande exp\u00e9rience dans tout type de support de communication. Nous cr\u00e9ons des \u00e9v\u00e8nements d\u2019entreprise de grande envergure et des stands d<strong>\u2018exposition impressionnants dans toute l\u2019Europe<\/strong>. Avec pour ligne de conduite et gage de r\u00e9ussite : une \u00e9quipe de professionnels cr\u00e9atifs, des concepts sur mesure et un design de marque corporate distinctif.<\/p><p><strong>Mettez-nous au d\u00e9fi.<\/strong>\u00a0Confiez-nous vos petits ou grands projets et constatez ce que TZAR peut faire pour d\u00e9passer vos attentes !<\/p>\t\t\t\t\t\t<\/div>\n\t\t\t\t<\/div>\n\t\t\t\t\t<\/div>\n\t\t<\/div>\n\t\t\t\t\t<\/div>\n\t\t<\/section>\n\t\t\t\t<section class=\"has_eae_slider elementor-section elementor-top-section elementor-element elementor-element-7ff8278 elementor-section-full_width elementor-section-stretched elementor-section-height-default elementor-section-height-default\" data-eae-slider=\"26784\" data-id=\"7ff8278\" data-element_type=\"section\" data-settings=\"{&quot;stretch_section&quot;:&quot;section-stretched&quot;,&quot;background_background&quot;:&quot;gradient&quot;}\">\n\t\t\t\t\t\t<div class=\"elementor-container elementor-column-gap-default\">\n\t\t\t\t\t<div class=\"has_eae_slider elementor-column elementor-col-100 elementor-top-column elementor-element elementor-element-4f3ad02\" data-eae-slider=\"38789\" data-id=\"4f3ad02\" data-element_type=\"column\">\n\t\t\t<div class=\"elementor-widget-wrap elementor-element-populated\">\n\t\t\t\t\t\t<div class=\"elementor-element elementor-element-1d46126 elementor-widget__width-auto elementor-widget elementor-widget-heading\" data-id=\"1d46126\" data-element_type=\"widget\" data-widget_type=\"heading.default\">\n\t\t\t\t<div class=\"elementor-widget-container\">\n\t\t\t<h2 class=\"elementor-heading-title elementor-size-default\">D\u00e9veloppons votre <\/br>\nentreprise ensemble.<\/h2>\t\t<\/div>\n\t\t\t\t<\/div>\n\t\t\t\t<div class=\"elementor-element elementor-element-dbf7b1b elementor-widget__width-auto elementor-widget elementor-widget-button\" data-id=\"dbf7b1b\" data-element_type=\"widget\" data-widget_type=\"button.default\">\n\t\t\t\t<div class=\"elementor-widget-container\">\n\t\t\t\t\t<div class=\"elementor-button-wrapper\">\n\t\t\t<a class=\"elementor-button elementor-button-link elementor-size-sm\" href=\"#\">\n\t\t\t\t\t\t<span class=\"elementor-button-content-wrapper\">\n\t\t\t\t\t\t\t\t\t<span class=\"elementor-button-text\">Contactez-nous<\/span>\n\t\t\t\t\t<\/span>\n\t\t\t\t\t<\/a>\n\t\t<\/div>\n\t\t\t\t<\/div>\n\t\t\t\t<\/div>\n\t\t\t\t\t<\/div>\n\t\t<\/div>\n\t\t\t\t\t<\/div>\n\t\t<\/section>\n\t\t\t\t<section class=\"has_eae_slider elementor-section elementor-top-section elementor-element elementor-element-1e46818 elementor-section-boxed elementor-section-height-default elementor-section-height-default\" data-eae-slider=\"91988\" data-id=\"1e46818\" data-element_type=\"section\">\n\t\t\t\t\t\t<div class=\"elementor-container elementor-column-gap-default\">\n\t\t\t\t\t<div class=\"has_eae_slider elementor-column elementor-col-100 elementor-top-column elementor-element elementor-element-b5b9b26\" data-eae-slider=\"36007\" data-id=\"b5b9b26\" data-element_type=\"column\">\n\t\t\t<div class=\"elementor-widget-wrap elementor-element-populated\">\n\t\t\t\t\t\t<div class=\"elementor-element elementor-element-fd816cf elementor-widget elementor-widget-heading\" data-id=\"fd816cf\" data-element_type=\"widget\" data-widget_type=\"heading.default\">\n\t\t\t\t<div class=\"elementor-widget-container\">\n\t\t\t<h2 class=\"elementor-heading-title elementor-size-default\">Nos services<\/h2>\t\t<\/div>\n\t\t\t\t<\/div>\n\t\t\t\t<div class=\"elementor-element elementor-element-eaf8ea1 elementor-widget elementor-widget-text-editor\" data-id=\"eaf8ea1\" data-element_type=\"widget\" data-widget_type=\"text-editor.default\">\n\t\t\t\t<div class=\"elementor-widget-container\">\n\t\t\t\t\t\t\t<p>Les outils de communication, la r\u00e9alisation d\u2019un \u00e9v\u00e8nement professionnel ou d\u2019un stand d&#8217;exposition sont tr\u00e8s puissants pour faire progresser vos r\u00e9sultats. Avoir les bons outils, au bon endroit et au bon moment peut tout changer\u2026 En tant que sp\u00e9cialistes de la communication, nous aidons votre entreprise \u00e0 communiquer le bon message \u00e0 la bonne cible.<\/p>\t\t\t\t\t\t<\/div>\n\t\t\t\t<\/div>\n\t\t\t\t\t<\/div>\n\t\t<\/div>\n\t\t\t\t\t<\/div>\n\t\t<\/section>\n\t\t\t\t<section class=\"has_eae_slider elementor-section elementor-top-section elementor-element elementor-element-90f1b15 elementor-section-stretched elementor-section-full_width elementor-section-height-default elementor-section-height-default\" data-eae-slider=\"19361\" data-id=\"90f1b15\" data-element_type=\"section\" data-settings=\"{&quot;background_background&quot;:&quot;classic&quot;,&quot;stretch_section&quot;:&quot;section-stretched&quot;}\">\n\t\t\t\t\t\t<div class=\"elementor-container elementor-column-gap-no\">\n\t\t\t\t\t<div data-wts-url=\"https:\/\/tzar.be\/fr\/marketing\/\" data-wts-link=\"yes\" data-wts-new-window=\"\" class=\"has_eae_slider elementor-column elementor-col-33 elementor-top-column elementor-element elementor-element-dffef06 clickable ae-link-yes\" data-eae-slider=\"16684\" data-id=\"dffef06\" data-element_type=\"column\" data-settings=\"{&quot;background_background&quot;:&quot;classic&quot;}\">\n\t\t\t<div class=\"elementor-widget-wrap elementor-element-populated\">\n\t\t\t\t\t<div class=\"elementor-background-overlay\"><\/div>\n\t\t\t\t\t\t<div class=\"elementor-element elementor-element-9cb2ada elementor-widget elementor-widget-spacer\" data-id=\"9cb2ada\" data-element_type=\"widget\" data-widget_type=\"spacer.default\">\n\t\t\t\t<div class=\"elementor-widget-container\">\n\t\t\t\t\t<div class=\"elementor-spacer\">\n\t\t\t<div class=\"elementor-spacer-inner\"><\/div>\n\t\t<\/div>\n\t\t\t\t<\/div>\n\t\t\t\t<\/div>\n\t\t\t\t<div class=\"elementor-element elementor-element-61590c4 elementor-widget elementor-widget-heading\" data-id=\"61590c4\" data-element_type=\"widget\" data-widget_type=\"heading.default\">\n\t\t\t\t<div class=\"elementor-widget-container\">\n\t\t\t<h4 class=\"elementor-heading-title elementor-size-default\">Marketing Consultance<\/h4>\t\t<\/div>\n\t\t\t\t<\/div>\n\t\t\t\t\t<\/div>\n\t\t<\/div>\n\t\t\t\t<div data-wts-url=\"https:\/\/tzar.be\/fr\/stands-dexposition-showrooms\/\" data-wts-link=\"yes\" data-wts-new-window=\"\" class=\"has_eae_slider elementor-column elementor-col-33 elementor-top-column elementor-element elementor-element-f5fbc61 ae-link-yes clickable\" data-eae-slider=\"45233\" data-id=\"f5fbc61\" data-element_type=\"column\" data-settings=\"{&quot;background_background&quot;:&quot;classic&quot;}\">\n\t\t\t<div class=\"elementor-widget-wrap elementor-element-populated\">\n\t\t\t\t\t<div class=\"elementor-background-overlay\"><\/div>\n\t\t\t\t\t\t<div class=\"elementor-element elementor-element-62c91fe elementor-widget elementor-widget-spacer\" data-id=\"62c91fe\" data-element_type=\"widget\" data-widget_type=\"spacer.default\">\n\t\t\t\t<div class=\"elementor-widget-container\">\n\t\t\t\t\t<div class=\"elementor-spacer\">\n\t\t\t<div class=\"elementor-spacer-inner\"><\/div>\n\t\t<\/div>\n\t\t\t\t<\/div>\n\t\t\t\t<\/div>\n\t\t\t\t<div class=\"elementor-element elementor-element-93e2a80 elementor-widget elementor-widget-heading\" data-id=\"93e2a80\" data-element_type=\"widget\" data-widget_type=\"heading.default\">\n\t\t\t\t<div class=\"elementor-widget-container\">\n\t\t\t<h4 class=\"elementor-heading-title elementor-size-default\">Stand & showroom<\/h4>\t\t<\/div>\n\t\t\t\t<\/div>\n\t\t\t\t\t<\/div>\n\t\t<\/div>\n\t\t\t\t<div data-wts-url=\"https:\/\/tzar.be\/fr\/evenementiel\/\" data-wts-link=\"yes\" data-wts-new-window=\"\" class=\"has_eae_slider elementor-column elementor-col-33 elementor-top-column elementor-element elementor-element-86ab2ae ae-link-yes\" data-eae-slider=\"58375\" data-id=\"86ab2ae\" data-element_type=\"column\" data-settings=\"{&quot;background_background&quot;:&quot;classic&quot;}\">\n\t\t\t<div class=\"elementor-widget-wrap elementor-element-populated\">\n\t\t\t\t\t<div class=\"elementor-background-overlay\"><\/div>\n\t\t\t\t\t\t<div class=\"elementor-element elementor-element-14546a0 elementor-widget elementor-widget-spacer\" data-id=\"14546a0\" data-element_type=\"widget\" data-widget_type=\"spacer.default\">\n\t\t\t\t<div class=\"elementor-widget-container\">\n\t\t\t\t\t<div class=\"elementor-spacer\">\n\t\t\t<div class=\"elementor-spacer-inner\"><\/div>\n\t\t<\/div>\n\t\t\t\t<\/div>\n\t\t\t\t<\/div>\n\t\t\t\t<div class=\"elementor-element elementor-element-e13c26e elementor-widget elementor-widget-heading\" data-id=\"e13c26e\" data-element_type=\"widget\" data-widget_type=\"heading.default\">\n\t\t\t\t<div class=\"elementor-widget-container\">\n\t\t\t<h4 class=\"elementor-heading-title elementor-size-default\">Event Management<\/h4>\t\t<\/div>\n\t\t\t\t<\/div>\n\t\t\t\t\t<\/div>\n\t\t<\/div>\n\t\t\t\t\t<\/div>\n\t\t<\/section>\n\t\t\t\t<section class=\"has_eae_slider elementor-section elementor-top-section elementor-element elementor-element-3f32ca1 elementor-section-height-min-height elementor-section-stretched elementor-section-full_width elementor-section-height-default elementor-section-items-middle\" data-eae-slider=\"10796\" data-id=\"3f32ca1\" data-element_type=\"section\" data-settings=\"{&quot;background_background&quot;:&quot;classic&quot;,&quot;stretch_section&quot;:&quot;section-stretched&quot;}\">\n\t\t\t\t\t\t<div class=\"elementor-container elementor-column-gap-default\">\n\t\t\t\t\t<div data-wts-url=\"https:\/\/tzar.be\/fr\/blog\/\" data-wts-link=\"yes\" data-wts-new-window=\"\" class=\"has_eae_slider elementor-column elementor-col-50 elementor-top-column elementor-element elementor-element-280eefb ae-link-yes\" data-eae-slider=\"73249\" data-id=\"280eefb\" data-element_type=\"column\" data-settings=\"{&quot;background_background&quot;:&quot;classic&quot;}\">\n\t\t\t<div class=\"elementor-widget-wrap elementor-element-populated\">\n\t\t\t\t\t<div class=\"elementor-background-overlay\"><\/div>\n\t\t\t\t\t\t<div class=\"elementor-element elementor-element-e04f3de elementor-widget elementor-widget-spacer\" data-id=\"e04f3de\" data-element_type=\"widget\" data-widget_type=\"spacer.default\">\n\t\t\t\t<div class=\"elementor-widget-container\">\n\t\t\t\t\t<div class=\"elementor-spacer\">\n\t\t\t<div class=\"elementor-spacer-inner\"><\/div>\n\t\t<\/div>\n\t\t\t\t<\/div>\n\t\t\t\t<\/div>\n\t\t\t\t<section class=\"has_eae_slider elementor-section elementor-inner-section elementor-element elementor-element-a67866d elementor-section-boxed elementor-section-height-default elementor-section-height-default\" data-eae-slider=\"51552\" data-id=\"a67866d\" data-element_type=\"section\">\n\t\t\t\t\t\t<div class=\"elementor-container elementor-column-gap-default\">\n\t\t\t\t\t<div class=\"has_eae_slider elementor-column elementor-col-100 elementor-inner-column elementor-element elementor-element-9ee4f7b\" data-eae-slider=\"98591\" data-id=\"9ee4f7b\" data-element_type=\"column\">\n\t\t\t<div class=\"elementor-widget-wrap elementor-element-populated\">\n\t\t\t\t\t\t<div class=\"elementor-element elementor-element-d58acdd elementor-widget elementor-widget-heading\" data-id=\"d58acdd\" data-element_type=\"widget\" data-widget_type=\"heading.default\">\n\t\t\t\t<div class=\"elementor-widget-container\">\n\t\t\t<h4 class=\"elementor-heading-title elementor-size-default\">BLOG<\/h4>\t\t<\/div>\n\t\t\t\t<\/div>\n\t\t\t\t\t<\/div>\n\t\t<\/div>\n\t\t\t\t\t<\/div>\n\t\t<\/section>\n\t\t\t\t\t<\/div>\n\t\t<\/div>\n\t\t\t\t<div data-wts-url=\"https:\/\/tzar.be\/fr\/notre-vision\/\" data-wts-link=\"yes\" data-wts-new-window=\"\" class=\"has_eae_slider elementor-column elementor-col-50 elementor-top-column elementor-element elementor-element-e96f334 ae-link-yes\" data-eae-slider=\"56804\" data-id=\"e96f334\" data-element_type=\"column\" data-settings=\"{&quot;background_background&quot;:&quot;classic&quot;}\">\n\t\t\t<div class=\"elementor-widget-wrap elementor-element-populated\">\n\t\t\t\t\t<div class=\"elementor-background-overlay\"><\/div>\n\t\t\t\t\t\t<div class=\"elementor-element elementor-element-8ab91f6 elementor-widget elementor-widget-spacer\" data-id=\"8ab91f6\" data-element_type=\"widget\" data-widget_type=\"spacer.default\">\n\t\t\t\t<div class=\"elementor-widget-container\">\n\t\t\t\t\t<div class=\"elementor-spacer\">\n\t\t\t<div class=\"elementor-spacer-inner\"><\/div>\n\t\t<\/div>\n\t\t\t\t<\/div>\n\t\t\t\t<\/div>\n\t\t\t\t<section class=\"has_eae_slider elementor-section elementor-inner-section elementor-element elementor-element-cd1e155 elementor-section-boxed elementor-section-height-default elementor-section-height-default\" data-eae-slider=\"86060\" data-id=\"cd1e155\" data-element_type=\"section\">\n\t\t\t\t\t\t<div class=\"elementor-container elementor-column-gap-default\">\n\t\t\t\t\t<div class=\"has_eae_slider elementor-column elementor-col-100 elementor-inner-column elementor-element elementor-element-4688e80\" data-eae-slider=\"39636\" data-id=\"4688e80\" data-element_type=\"column\">\n\t\t\t<div class=\"elementor-widget-wrap elementor-element-populated\">\n\t\t\t\t\t\t<div class=\"elementor-element elementor-element-5881cda elementor-widget elementor-widget-heading\" data-id=\"5881cda\" data-element_type=\"widget\" data-widget_type=\"heading.default\">\n\t\t\t\t<div class=\"elementor-widget-container\">\n\t\t\t<h4 class=\"elementor-heading-title elementor-size-default\">Our Vision<\/h4>\t\t<\/div>\n\t\t\t\t<\/div>\n\t\t\t\t\t<\/div>\n\t\t<\/div>\n\t\t\t\t\t<\/div>\n\t\t<\/section>\n\t\t\t\t\t<\/div>\n\t\t<\/div>\n\t\t\t\t\t<\/div>\n\t\t<\/section>\n\t\t\t\t<\/div>\n\t\t","protected":false},"excerpt":{"rendered":"<p>Event management.Tous les types d&#8217;\u00e9v\u00e9nements d&#8217;entreprise sont nos pr\u00e9f\u00e9r\u00e9s.Plus d&#8217;infoMarketing consulting.Avoir les bons outils, au bon endroit et au bon moment peut tout changer.Plus d&#8217;infoStand &#038; showroom.Votre communication, votre produit et votre entreprise doivent \u00eatre au centre de l\u2019attention.Plus d&#8217;info Previous Next La communication est tout. Votre message ne peut pas attendre. TZAR se distingue [&hellip;]<\/p>\n","protected":false},"author":1,"featured_media":0,"parent":0,"menu_order":0,"comment_status":"closed","ping_status":"closed","template":"elementor_header_footer","meta":[],"yoast_head":"<!-- This site is optimized with the Yoast SEO plugin v21.8.1 - https:\/\/yoast.com\/wordpress\/plugins\/seo\/ -->\n<title>Communication agency : brand design, events and exhibitions | TZAR<\/title>\n<meta name=\"description\" content=\"TZAR is a communication agency specialized in brand design, events and exciting exhibition stands. Your message can\u2019t wait.\" \/>\n<meta name=\"robots\" content=\"index, follow, max-snippet:-1, max-image-preview:large, max-video-preview:-1\" \/>\n<link rel=\"canonical\" href=\"https:\/\/tzar.be\/fr\/\" \/>\n<meta property=\"og:locale\" content=\"fr_FR\" \/>\n<meta property=\"og:type\" content=\"article\" \/>\n<meta property=\"og:title\" content=\"Communication and event agency - Tzar Agency\" \/>\n<meta property=\"og:description\" content=\"TZAR is a communication agency specialized in brand design, events and exciting exhibition stands. Your message can\u2019t wait.\" \/>\n<meta property=\"og:url\" content=\"https:\/\/tzar.be\/fr\/\" \/>\n<meta property=\"og:site_name\" content=\"TZAR\" \/>\n<meta property=\"article:publisher\" content=\"https:\/\/www.facebook.com\/tzar.be\/\" \/>\n<meta property=\"article:modified_time\" content=\"2022-07-15T08:30:38+00:00\" \/>\n<meta property=\"og:image\" content=\"http:\/\/tzar.be\/wp-content\/uploads\/2020\/11\/logo-website-2-no-border.jpg\" \/>\n<meta name=\"twitter:card\" content=\"summary_large_image\" \/>\n<meta name=\"twitter:label1\" content=\"Dur\u00e9e de lecture est.\" \/>\n\t<meta name=\"twitter:data1\" content=\"3 minutes\" \/>\n<script type=\"application\/ld+json\" class=\"yoast-schema-graph\">{\"@context\":\"https:\/\/schema.org\",\"@graph\":[{\"@type\":\"WebPage\",\"@id\":\"https:\/\/tzar.be\/fr\/\",\"url\":\"https:\/\/tzar.be\/fr\/\",\"name\":\"Communication agency : brand design, events and exhibitions | TZAR\",\"isPartOf\":{\"@id\":\"https:\/\/tzar.be\/fr\/#website\"},\"datePublished\":\"2020-07-02T13:59:12+00:00\",\"dateModified\":\"2022-07-15T08:30:38+00:00\",\"description\":\"TZAR is a communication agency specialized in brand design, events and exciting exhibition stands. Your message can\u2019t wait.\",\"breadcrumb\":{\"@id\":\"https:\/\/tzar.be\/fr\/#breadcrumb\"},\"inLanguage\":\"fr-BE\",\"potentialAction\":[{\"@type\":\"ReadAction\",\"target\":[\"https:\/\/tzar.be\/fr\/\"]}]},{\"@type\":\"BreadcrumbList\",\"@id\":\"https:\/\/tzar.be\/fr\/#breadcrumb\",\"itemListElement\":[{\"@type\":\"ListItem\",\"position\":1,\"name\":\"Home\",\"item\":\"https:\/\/tzar.be\/fr\/\"},{\"@type\":\"ListItem\",\"position\":2,\"name\":\"Accueil\"}]},{\"@type\":\"WebSite\",\"@id\":\"https:\/\/tzar.be\/fr\/#website\",\"url\":\"https:\/\/tzar.be\/fr\/\",\"name\":\"TZAR\",\"description\":\"Marketing &amp; Business Events\",\"publisher\":{\"@id\":\"https:\/\/tzar.be\/fr\/#organization\"},\"potentialAction\":[{\"@type\":\"SearchAction\",\"target\":{\"@type\":\"EntryPoint\",\"urlTemplate\":\"https:\/\/tzar.be\/fr\/?s={search_term_string}\"},\"query-input\":\"required name=search_term_string\"}],\"inLanguage\":\"fr-BE\"},{\"@type\":\"Organization\",\"@id\":\"https:\/\/tzar.be\/fr\/#organization\",\"name\":\"Tzar\",\"url\":\"https:\/\/tzar.be\/fr\/\",\"logo\":{\"@type\":\"ImageObject\",\"inLanguage\":\"fr-BE\",\"@id\":\"https:\/\/tzar.be\/fr\/#\/schema\/logo\/image\/\",\"url\":\"https:\/\/tzar.be\/wp-content\/uploads\/2020\/06\/tzar-logo-e1592380497970.png\",\"contentUrl\":\"https:\/\/tzar.be\/wp-content\/uploads\/2020\/06\/tzar-logo-e1592380497970.png\",\"width\":357,\"height\":174,\"caption\":\"Tzar\"},\"image\":{\"@id\":\"https:\/\/tzar.be\/fr\/#\/schema\/logo\/image\/\"},\"sameAs\":[\"https:\/\/www.facebook.com\/tzar.be\/\",\"https:\/\/www.instagram.com\/TZARcommunication\/\",\"https:\/\/www.linkedin.com\/company\/tzar\/\"]}]}<\/script>\n<!-- \/ Yoast SEO plugin. -->","yoast_head_json":{"title":"Communication agency : brand design, events and exhibitions | TZAR","description":"TZAR is a communication agency specialized in brand design, events and exciting exhibition stands. Your message can\u2019t wait.","robots":{"index":"index","follow":"follow","max-snippet":"max-snippet:-1","max-image-preview":"max-image-preview:large","max-video-preview":"max-video-preview:-1"},"canonical":"https:\/\/tzar.be\/fr\/","og_locale":"fr_FR","og_type":"article","og_title":"Communication and event agency - Tzar Agency","og_description":"TZAR is a communication agency specialized in brand design, events and exciting exhibition stands. Your message can\u2019t wait.","og_url":"https:\/\/tzar.be\/fr\/","og_site_name":"TZAR","article_publisher":"https:\/\/www.facebook.com\/tzar.be\/","article_modified_time":"2022-07-15T08:30:38+00:00","og_image":[{"url":"http:\/\/tzar.be\/wp-content\/uploads\/2020\/11\/logo-website-2-no-border.jpg"}],"twitter_card":"summary_large_image","twitter_misc":{"Dur\u00e9e de lecture est.":"3 minutes"},"schema":{"@context":"https:\/\/schema.org","@graph":[{"@type":"WebPage","@id":"https:\/\/tzar.be\/fr\/","url":"https:\/\/tzar.be\/fr\/","name":"Communication agency : brand design, events and exhibitions | TZAR","isPartOf":{"@id":"https:\/\/tzar.be\/fr\/#website"},"datePublished":"2020-07-02T13:59:12+00:00","dateModified":"2022-07-15T08:30:38+00:00","description":"TZAR is a communication agency specialized in brand design, events and exciting exhibition stands. Your message can\u2019t wait.","breadcrumb":{"@id":"https:\/\/tzar.be\/fr\/#breadcrumb"},"inLanguage":"fr-BE","potentialAction":[{"@type":"ReadAction","target":["https:\/\/tzar.be\/fr\/"]}]},{"@type":"BreadcrumbList","@id":"https:\/\/tzar.be\/fr\/#breadcrumb","itemListElement":[{"@type":"ListItem","position":1,"name":"Home","item":"https:\/\/tzar.be\/fr\/"},{"@type":"ListItem","position":2,"name":"Accueil"}]},{"@type":"WebSite","@id":"https:\/\/tzar.be\/fr\/#website","url":"https:\/\/tzar.be\/fr\/","name":"TZAR","description":"Marketing &amp; Business Events","publisher":{"@id":"https:\/\/tzar.be\/fr\/#organization"},"potentialAction":[{"@type":"SearchAction","target":{"@type":"EntryPoint","urlTemplate":"https:\/\/tzar.be\/fr\/?s={search_term_string}"},"query-input":"required name=search_term_string"}],"inLanguage":"fr-BE"},{"@type":"Organization","@id":"https:\/\/tzar.be\/fr\/#organization","name":"Tzar","url":"https:\/\/tzar.be\/fr\/","logo":{"@type":"ImageObject","inLanguage":"fr-BE","@id":"https:\/\/tzar.be\/fr\/#\/schema\/logo\/image\/","url":"https:\/\/tzar.be\/wp-content\/uploads\/2020\/06\/tzar-logo-e1592380497970.png","contentUrl":"https:\/\/tzar.be\/wp-content\/uploads\/2020\/06\/tzar-logo-e1592380497970.png","width":357,"height":174,"caption":"Tzar"},"image":{"@id":"https:\/\/tzar.be\/fr\/#\/schema\/logo\/image\/"},"sameAs":["https:\/\/www.facebook.com\/tzar.be\/","https:\/\/www.instagram.com\/TZARcommunication\/","https:\/\/www.linkedin.com\/company\/tzar\/"]}]}},"_links":{"self":[{"href":"https:\/\/tzar.be\/fr\/wp-json\/wp\/v2\/pages\/2647"}],"collection":[{"href":"https:\/\/tzar.be\/fr\/wp-json\/wp\/v2\/pages"}],"about":[{"href":"https:\/\/tzar.be\/fr\/wp-json\/wp\/v2\/types\/page"}],"author":[{"embeddable":true,"href":"https:\/\/tzar.be\/fr\/wp-json\/wp\/v2\/users\/1"}],"replies":[{"embeddable":true,"href":"https:\/\/tzar.be\/fr\/wp-json\/wp\/v2\/comments?post=2647"}],"version-history":[{"count":5,"href":"https:\/\/tzar.be\/fr\/wp-json\/wp\/v2\/pages\/2647\/revisions"}],"predecessor-version":[{"id":4411,"href":"https:\/\/tzar.be\/fr\/wp-json\/wp\/v2\/pages\/2647\/revisions\/4411"}],"wp:attachment":[{"href":"https:\/\/tzar.be\/fr\/wp-json\/wp\/v2\/media?parent=2647"}],"curies":[{"name":"wp","href":"https:\/\/api.w.org\/{rel}","templated":true}]}}